{"id":3,"date":"2025-09-18T09:56:11","date_gmt":"2025-09-18T09:56:11","guid":{"rendered":"http:\/\/www.seap31.com\/?page_id=3"},"modified":"2025-10-24T07:52:23","modified_gmt":"2025-10-24T07:52:23","slug":"privacy-policy","status":"publish","type":"page","link":"https:\/\/www.seap31.com\/index.php\/privacy-policy\/","title":{"rendered":"Mentions l\u00e9gales"},"content":{"rendered":"\n<p>En vigueur au 03\/11\/2025<br>Conform\u00e9ment aux dispositions de la loi n\u00b02004-575 du 21 juin 2004 pour la Confiance en l\u2019\u00e9conomie num\u00e9rique, il est port\u00e9 \u00e0 la connaissance des utilisateurs et visiteurs, ci-apr\u00e8s l&rsquo; \u00ab\u00a0Utilisateur\u00a0\u00bb, du site www.seap31.com , ci-apr\u00e8s le \u00ab\u00a0Site\u00a0\u00bb, les pr\u00e9sentes mentions l\u00e9gales.<br>La connexion et la navigation sur le Site par l\u2019Utilisateur implique acceptation int\u00e9grale et sans r\u00e9serve des pr\u00e9sentes mentions l\u00e9gales.<br>Ces derni\u00e8res sont accessibles sur le Site \u00e0 la rubrique \u00ab\u00a0Mentions l\u00e9gales\u00a0\u00bb.<\/p>\n\n\n\n<h2 class=\"wp-block-heading\"><br>EDITION DU SITE<\/h2>\n\n\n\n<p>L&rsquo;\u00e9dition du Site est assur\u00e9e par la soci\u00e9t\u00e9 Philippe GARCIA &#8211; SEAP31, Entreprise Individuelle, immatricul\u00e9e au Registre du Commerce et des Soci\u00e9t\u00e9s de<br>Toulouse sous le num\u00e9ro 804312734 dont le si\u00e8ge social est situ\u00e9 au 11 r\u00e9sidence les amandiers 31450 DEYME,<\/p>\n\n\n\n<p>Num\u00e9ro de t\u00e9l\u00e9phone : 0670710243<br>Adresse e-mail : contact@seap31.com.<br>Directeur de la publication : Philippe GARCIA<br><\/p>\n\n\n\n<p>ci-apr\u00e8s l'\u00a0\u00bbEditeur\u00a0\u00bb.<br><\/p>\n\n\n\n<h2 class=\"wp-block-heading\">HEBERGEUR<\/h2>\n\n\n\n<p>L&rsquo;h\u00e9bergeur du Site est la soci\u00e9t\u00e9 OVH, dont le si\u00e8ge social est situ\u00e9 au OVH SAS 2 rue Kellermann 59100 Roubaix &#8211; France .<br><\/p>\n\n\n\n<h2 class=\"wp-block-heading\">ACC\u00c8S AU SITE<\/h2>\n\n\n\n<p>Le Site est normalement accessible, \u00e0 tout moment, \u00e0 l&rsquo;Utilisateur. Toutefois, l&rsquo;Editeur pourra, \u00e0 tout moment, suspendre, limiter ou interrompre le Site afin de proc\u00e9der, notamment, \u00e0 des mises \u00e0 jour ou des modifications de son contenu. L&rsquo;Editeur ne pourra en aucun cas \u00eatre tenu responsable des cons\u00e9quences \u00e9ventuelles de cette indisponibilit\u00e9 sur les activit\u00e9s de l&rsquo;Utilisateur.<br>Toute utilisation, reproduction, diffusion, commercialisation, modification de toute ou partie du Site, sans autorisation expresse de l\u2019Editeur est prohib\u00e9e et pourra entra\u00eener des actions et poursuites judiciaires telles que pr\u00e9vues par la r\u00e9glementation en vigueur.<br><\/p>\n","protected":false},"excerpt":{"rendered":"<p>En vigueur au 03\/11\/2025Conform\u00e9ment aux dispositions de la loi n\u00b02004-575 du 21 juin 2004 pour la Confiance en l\u2019\u00e9conomie num\u00e9rique, il est port\u00e9 \u00e0 la connaissance des utilisateurs et visiteurs, ci-apr\u00e8s l&rsquo; \u00ab\u00a0Utilisateur\u00a0\u00bb, du site www.seap31.com , ci-apr\u00e8s le \u00ab\u00a0Site\u00a0\u00bb, les pr\u00e9sentes mentions l\u00e9gales.La connexion et la navigation sur le Site par l\u2019Utilisateur implique acceptation &hellip; <\/p>\n<p class=\"link-more\"><a href=\"https:\/\/www.seap31.com\/index.php\/privacy-policy\/\" class=\"more-link\">Lire la suite de<span class=\"screen-reader-text\">\u00ab\u00a0Mentions l\u00e9gales\u00a0\u00bb<\/span><\/a><\/p>\n","protected":false},"author":1,"featured_media":0,"parent":0,"menu_order":0,"comment_status":"closed","ping_status":"open","template":"","meta":{"footnotes":""},"class_list":["post-3","page","type-page","status-publish","hentry"],"yoast_head":"<!-- This site is optimized with the Yoast SEO plugin v27.0 - https:\/\/yoast.com\/product\/yoast-seo-wordpress\/ -->\n<title>Mentions l\u00e9gales - SEAP31<\/title>\n<meta name=\"robots\" content=\"index, follow, max-snippet:-1, max-image-preview:large, max-video-preview:-1\" \/>\n<link rel=\"canonical\" href=\"https:\/\/www.seap31.com\/index.php\/privacy-policy\/\" \/>\n<meta property=\"og:locale\" content=\"fr_FR\" \/>\n<meta property=\"og:type\" content=\"article\" \/>\n<meta property=\"og:title\" content=\"Mentions l\u00e9gales - SEAP31\" \/>\n<meta property=\"og:description\" content=\"En vigueur au 03\/11\/2025Conform\u00e9ment aux dispositions de la loi n\u00b02004-575 du 21 juin 2004 pour la Confiance en l\u2019\u00e9conomie num\u00e9rique, il est port\u00e9 \u00e0 la connaissance des utilisateurs et visiteurs, ci-apr\u00e8s l&rsquo; \u00ab\u00a0Utilisateur\u00a0\u00bb, du site www.seap31.com , ci-apr\u00e8s le \u00ab\u00a0Site\u00a0\u00bb, les pr\u00e9sentes mentions l\u00e9gales.La connexion et la navigation sur le Site par l\u2019Utilisateur implique acceptation &hellip; Lire la suite de\u00ab\u00a0Mentions l\u00e9gales\u00a0\u00bb\" \/>\n<meta property=\"og:url\" content=\"https:\/\/www.seap31.com\/index.php\/privacy-policy\/\" \/>\n<meta property=\"og:site_name\" content=\"SEAP31\" \/>\n<meta property=\"article:modified_time\" content=\"2025-10-24T07:52:23+00:00\" \/>\n<meta name=\"twitter:card\" content=\"summary_large_image\" \/>\n<meta name=\"twitter:label1\" content=\"Dur\u00e9e de lecture estim\u00e9e\" \/>\n\t<meta name=\"twitter:data1\" content=\"1 minute\" \/>\n<script type=\"application\/ld+json\" class=\"yoast-schema-graph\">{\"@context\":\"https:\/\/schema.org\",\"@graph\":[{\"@type\":\"WebPage\",\"@id\":\"https:\/\/www.seap31.com\/index.php\/privacy-policy\/\",\"url\":\"https:\/\/www.seap31.com\/index.php\/privacy-policy\/\",\"name\":\"Mentions l\u00e9gales - SEAP31\",\"isPartOf\":{\"@id\":\"https:\/\/www.seap31.com\/#website\"},\"datePublished\":\"2025-09-18T09:56:11+00:00\",\"dateModified\":\"2025-10-24T07:52:23+00:00\",\"breadcrumb\":{\"@id\":\"https:\/\/www.seap31.com\/index.php\/privacy-policy\/#breadcrumb\"},\"inLanguage\":\"fr-FR\",\"potentialAction\":[{\"@type\":\"ReadAction\",\"target\":[\"https:\/\/www.seap31.com\/index.php\/privacy-policy\/\"]}]},{\"@type\":\"BreadcrumbList\",\"@id\":\"https:\/\/www.seap31.com\/index.php\/privacy-policy\/#breadcrumb\",\"itemListElement\":[{\"@type\":\"ListItem\",\"position\":1,\"name\":\"Accueil\",\"item\":\"https:\/\/www.seap31.com\/\"},{\"@type\":\"ListItem\",\"position\":2,\"name\":\"Mentions l\u00e9gales\"}]},{\"@type\":\"WebSite\",\"@id\":\"https:\/\/www.seap31.com\/#website\",\"url\":\"https:\/\/www.seap31.com\/\",\"name\":\"SEAP31\",\"description\":\"Artisan local de l&#039;\u00e9v\u00e8nementiel\",\"publisher\":{\"@id\":\"https:\/\/www.seap31.com\/#organization\"},\"potentialAction\":[{\"@type\":\"SearchAction\",\"target\":{\"@type\":\"EntryPoint\",\"urlTemplate\":\"https:\/\/www.seap31.com\/?s={search_term_string}\"},\"query-input\":{\"@type\":\"PropertyValueSpecification\",\"valueRequired\":true,\"valueName\":\"search_term_string\"}}],\"inLanguage\":\"fr-FR\"},{\"@type\":\"Organization\",\"@id\":\"https:\/\/www.seap31.com\/#organization\",\"name\":\"SEAP31\",\"url\":\"https:\/\/www.seap31.com\/\",\"logo\":{\"@type\":\"ImageObject\",\"inLanguage\":\"fr-FR\",\"@id\":\"https:\/\/www.seap31.com\/#\/schema\/logo\/image\/\",\"url\":\"https:\/\/www.seap31.com\/wp-content\/uploads\/2025\/09\/logo-SEAP31-signature.png\",\"contentUrl\":\"https:\/\/www.seap31.com\/wp-content\/uploads\/2025\/09\/logo-SEAP31-signature.png\",\"width\":1205,\"height\":676,\"caption\":\"SEAP31\"},\"image\":{\"@id\":\"https:\/\/www.seap31.com\/#\/schema\/logo\/image\/\"},\"sameAs\":[\"https:\/\/www.linkedin.com\/in\/philippe-garcia-5a5b25154\/\"]}]}<\/script>\n<!-- \/ Yoast SEO plugin. -->","yoast_head_json":{"title":"Mentions l\u00e9gales - SEAP31","robots":{"index":"index","follow":"follow","max-snippet":"max-snippet:-1","max-image-preview":"max-image-preview:large","max-video-preview":"max-video-preview:-1"},"canonical":"https:\/\/www.seap31.com\/index.php\/privacy-policy\/","og_locale":"fr_FR","og_type":"article","og_title":"Mentions l\u00e9gales - SEAP31","og_description":"En vigueur au 03\/11\/2025Conform\u00e9ment aux dispositions de la loi n\u00b02004-575 du 21 juin 2004 pour la Confiance en l\u2019\u00e9conomie num\u00e9rique, il est port\u00e9 \u00e0 la connaissance des utilisateurs et visiteurs, ci-apr\u00e8s l&rsquo; \u00ab\u00a0Utilisateur\u00a0\u00bb, du site www.seap31.com , ci-apr\u00e8s le \u00ab\u00a0Site\u00a0\u00bb, les pr\u00e9sentes mentions l\u00e9gales.La connexion et la navigation sur le Site par l\u2019Utilisateur implique acceptation &hellip; Lire la suite de\u00ab\u00a0Mentions l\u00e9gales\u00a0\u00bb","og_url":"https:\/\/www.seap31.com\/index.php\/privacy-policy\/","og_site_name":"SEAP31","article_modified_time":"2025-10-24T07:52:23+00:00","twitter_card":"summary_large_image","twitter_misc":{"Dur\u00e9e de lecture estim\u00e9e":"1 minute"},"schema":{"@context":"https:\/\/schema.org","@graph":[{"@type":"WebPage","@id":"https:\/\/www.seap31.com\/index.php\/privacy-policy\/","url":"https:\/\/www.seap31.com\/index.php\/privacy-policy\/","name":"Mentions l\u00e9gales - SEAP31","isPartOf":{"@id":"https:\/\/www.seap31.com\/#website"},"datePublished":"2025-09-18T09:56:11+00:00","dateModified":"2025-10-24T07:52:23+00:00","breadcrumb":{"@id":"https:\/\/www.seap31.com\/index.php\/privacy-policy\/#breadcrumb"},"inLanguage":"fr-FR","potentialAction":[{"@type":"ReadAction","target":["https:\/\/www.seap31.com\/index.php\/privacy-policy\/"]}]},{"@type":"BreadcrumbList","@id":"https:\/\/www.seap31.com\/index.php\/privacy-policy\/#breadcrumb","itemListElement":[{"@type":"ListItem","position":1,"name":"Accueil","item":"https:\/\/www.seap31.com\/"},{"@type":"ListItem","position":2,"name":"Mentions l\u00e9gales"}]},{"@type":"WebSite","@id":"https:\/\/www.seap31.com\/#website","url":"https:\/\/www.seap31.com\/","name":"SEAP31","description":"Artisan local de l&#039;\u00e9v\u00e8nementiel","publisher":{"@id":"https:\/\/www.seap31.com\/#organization"},"potentialAction":[{"@type":"SearchAction","target":{"@type":"EntryPoint","urlTemplate":"https:\/\/www.seap31.com\/?s={search_term_string}"},"query-input":{"@type":"PropertyValueSpecification","valueRequired":true,"valueName":"search_term_string"}}],"inLanguage":"fr-FR"},{"@type":"Organization","@id":"https:\/\/www.seap31.com\/#organization","name":"SEAP31","url":"https:\/\/www.seap31.com\/","logo":{"@type":"ImageObject","inLanguage":"fr-FR","@id":"https:\/\/www.seap31.com\/#\/schema\/logo\/image\/","url":"https:\/\/www.seap31.com\/wp-content\/uploads\/2025\/09\/logo-SEAP31-signature.png","contentUrl":"https:\/\/www.seap31.com\/wp-content\/uploads\/2025\/09\/logo-SEAP31-signature.png","width":1205,"height":676,"caption":"SEAP31"},"image":{"@id":"https:\/\/www.seap31.com\/#\/schema\/logo\/image\/"},"sameAs":["https:\/\/www.linkedin.com\/in\/philippe-garcia-5a5b25154\/"]}]}},"featured_media_urls":[],"_links":{"self":[{"href":"https:\/\/www.seap31.com\/index.php\/wp-json\/wp\/v2\/pages\/3","targetHints":{"allow":["GET"]}}],"collection":[{"href":"https:\/\/www.seap31.com\/index.php\/wp-json\/wp\/v2\/pages"}],"about":[{"href":"https:\/\/www.seap31.com\/index.php\/wp-json\/wp\/v2\/types\/page"}],"author":[{"embeddable":true,"href":"https:\/\/www.seap31.com\/index.php\/wp-json\/wp\/v2\/users\/1"}],"replies":[{"embeddable":true,"href":"https:\/\/www.seap31.com\/index.php\/wp-json\/wp\/v2\/comments?post=3"}],"version-history":[{"count":1,"href":"https:\/\/www.seap31.com\/index.php\/wp-json\/wp\/v2\/pages\/3\/revisions"}],"predecessor-version":[{"id":321,"href":"https:\/\/www.seap31.com\/index.php\/wp-json\/wp\/v2\/pages\/3\/revisions\/321"}],"wp:attachment":[{"href":"https:\/\/www.seap31.com\/index.php\/wp-json\/wp\/v2\/media?parent=3"}],"curies":[{"name":"wp","href":"https:\/\/api.w.org\/{rel}","templated":true}]}}