{"id":186,"date":"2025-10-03T07:57:20","date_gmt":"2025-10-03T07:57:20","guid":{"rendered":"https:\/\/www.seap31.com\/?page_id=186"},"modified":"2026-02-23T12:14:00","modified_gmt":"2026-02-23T12:14:00","slug":"activites-de-promotion","status":"publish","type":"page","link":"https:\/\/www.seap31.com\/index.php\/activites-de-promotion\/","title":{"rendered":"ACTIVIT\u00c9S DE PROMOTION"},"content":{"rendered":"\n<h1 class=\"wp-block-heading\">Activit\u00e9s de promotion et accompagnement sur mesure<\/h1>\n\n\n\n<p>En tant que <strong>freelance ind\u00e9pendant<\/strong>, j\u2019accompagne les entreprises, associations et collectivit\u00e9s dans leurs <strong>projets de communication et de promotion<\/strong>, qu\u2019ils soient li\u00e9s au sport ou \u00e0 d\u2019autres secteurs. Mon approche : <strong>m\u2019int\u00e9grer directement \u00e0 vos \u00e9quipes<\/strong> pour proposer des solutions pratiques, cr\u00e9atives et impactantes.<\/p>\n\n\n\n<main class=\"wp-block-group alignfull site-content has-primary-background-color has-background has-global-padding is-layout-constrained wp-block-group-is-layout-constrained\" style=\"margin-top:0;padding-top:var(--wp--preset--spacing--x-large);padding-bottom:var(--wp--preset--spacing--x-large)\">\n<div class=\"wp-block-group is-style-default is-layout-flow wp-block-group-is-layout-flow\">\n<div style=\"height:71px\" aria-hidden=\"true\" class=\"wp-block-spacer\"><\/div>\n\n\n\n<div class=\"wp-block-columns is-layout-flex wp-container-core-columns-is-layout-28f84493 wp-block-columns-is-layout-flex\">\n<div class=\"wp-block-column is-layout-flow wp-block-column-is-layout-flow\" style=\"border-style:none;border-width:0px;padding-top:0px;padding-right:0px;padding-bottom:0px;padding-left:0px\">\n<h2 class=\"wp-block-heading has-white-color has-text-color\">1\/ Communication digitale et marketing\u00a0:<\/h2>\n\n\n\n<p class=\"has-lightgrey-color has-text-color\">Je peux vous aider \u00e0 d\u00e9velopper votre pr\u00e9sence en ligne et optimiser vos supports digitaux :<\/p>\n\n\n\n<ul class=\"wp-block-list\">\n<li class=\"has-lightgrey-color has-text-color\"><strong>Cr\u00e9ation et refonte de sites internet<\/strong> sur mesure<\/li>\n\n\n\n<li class=\"has-lightgrey-color has-text-color\">Gestion de contenus web et optimisation SEO<\/li>\n\n\n\n<li class=\"has-lightgrey-color has-text-color\">Strat\u00e9gie digitale et animation des r\u00e9seaux sociaux<\/li>\n\n\n\n<li class=\"has-lightgrey-color has-text-color\">Campagnes emailing et newsletters<\/li>\n<\/ul>\n\n\n\n<p class=\"has-lightgrey-color has-text-color\">Mon objectif est de maximiser votre visibilit\u00e9 et de cr\u00e9er un impact durable aupr\u00e8s de vos publics.<\/p>\n\n\n\n<p><\/p>\n<\/div>\n\n\n\n<div class=\"wp-block-column is-layout-flow wp-block-column-is-layout-flow\" style=\"border-style:none;border-width:0px;padding-top:0px;padding-right:0px;padding-bottom:0px;padding-left:0px\">\n<h2 class=\"wp-block-heading has-white-color has-text-color\">Collaboration en freelance et int\u00e9gration dans vos \u00e9quipes<\/h2>\n\n\n\n<p class=\"has-lightgrey-color has-text-color\">Je travaille en <strong>marque blanche<\/strong>, directement int\u00e9gr\u00e9 \u00e0 votre organisation, pour que vos \u00e9quipes b\u00e9n\u00e9ficient d\u2019un <strong>support flexible et efficace<\/strong>, sans rupture dans la continuit\u00e9 de vos projets.<\/p>\n\n\n\n<p class=\"has-lightgrey-color has-text-color\">Mon objectif est de <strong>d\u00e9velopper une relation durable<\/strong> :<\/p>\n\n\n\n<ul class=\"wp-block-list\">\n<li class=\"has-lightgrey-color has-text-color\">Pour vous : un accompagnement stable et performant sur le long terme<\/li>\n\n\n\n<li class=\"has-lightgrey-color has-text-color\">Pour moi : la possibilit\u00e9 de mieux comprendre vos besoins et d\u2019am\u00e9liorer mes prestations<\/li>\n<\/ul>\n\n\n\n<p class=\"has-lightgrey-color has-text-color\">Je propose des <strong>missions ponctuelles ou annualis\u00e9es<\/strong>, adapt\u00e9es \u00e0 vos besoins et \u00e0 votre organisation.<\/p>\n<\/div>\n<\/div>\n\n\n\n<div style=\"height:81px\" aria-hidden=\"true\" class=\"wp-block-spacer\"><\/div>\n\n\n\n<div class=\"wp-block-columns is-layout-flex wp-container-core-columns-is-layout-28f84493 wp-block-columns-is-layout-flex\">\n<div class=\"wp-block-column is-layout-flow wp-block-column-is-layout-flow\" style=\"border-style:none;border-width:0px;padding-top:0px;padding-right:0px;padding-bottom:0px;padding-left:0px\">\n<h2 class=\"wp-block-heading has-white-color has-text-color\">2\/ Conception graphique et supports visuels<\/h2>\n\n\n\n<p class=\"has-lightgrey-color has-text-color\">Je con\u00e7ois des supports visuels pour renforcer votre identit\u00e9 et vos actions promotionnelles :<\/p>\n\n\n\n<ul class=\"wp-block-list\">\n<li class=\"has-lightgrey-color has-text-color\">Flyers, affiches, plaquettes commerciales<\/li>\n\n\n\n<li class=\"has-lightgrey-color has-text-color\">Contenus visuels pour \u00e9v\u00e9nements ou campagnes sp\u00e9cifiques<\/li>\n<\/ul>\n\n\n\n<p class=\"has-lightgrey-color has-text-color\">Chaque cr\u00e9ation est pens\u00e9e pour \u00eatre <strong>originale, coh\u00e9rente et adapt\u00e9e \u00e0 votre organisation<\/strong>.<\/p>\n\n\n\n<p class=\"has-secondary-color has-text-color has-link-color wp-elements-9ab710cf8c468622e0769e4dc7d6d8ac\"><\/p>\n<\/div>\n\n\n\n<div class=\"wp-block-column is-layout-flow wp-block-column-is-layout-flow\" style=\"border-style:none;border-width:0px;padding-top:0px;padding-right:0px;padding-bottom:0px;padding-left:0px\">\n<h2 class=\"wp-block-heading has-white-color has-text-color\">3\/ Accompagnement projet et d\u00e9veloppement<\/h2>\n\n\n\n<p class=\"has-lightgrey-color has-text-color\">Je vous accompagne \u00e9galement sur vos projets strat\u00e9giques et commerciaux :<\/p>\n\n\n\n<ul class=\"wp-block-list\">\n<li class=\"has-lightgrey-color has-text-color\">Structuration et suivi de projets vari\u00e9s<\/li>\n\n\n\n<li class=\"has-lightgrey-color has-text-color\">Recherche de partenaires et d\u00e9veloppement de collaborations<\/li>\n\n\n\n<li class=\"has-lightgrey-color has-text-color\">Conseil sur la communication et la promotion de vos produits ou services<\/li>\n\n\n\n<li class=\"has-lightgrey-color has-text-color\">Soutien ponctuel ou r\u00e9gulier pour les t\u00e2ches administratives li\u00e9es \u00e0 vos projets<\/li>\n<\/ul>\n\n\n\n<p class=\"has-lightgrey-color has-text-color\">Mon r\u00f4le est de <strong>vous soulager et de vous apporter un appui fiable<\/strong>, tout en vous permettant de rester concentr\u00e9 sur votre c\u0153ur de m\u00e9tier.<\/p>\n<\/div>\n<\/div>\n<\/div>\n<\/main>\n\n\n\n<h2 class=\"wp-block-heading\">Contact et devis<\/h2>\n\n\n\n<p>Vous souhaitez \u00eatre accompagn\u00e9 sur vos projets de communication, promotion ou d\u00e9veloppement ?<\/p>\n\n\n\n<ul class=\"wp-block-list\">\n<li>Contactez-moi via<a href=\"https:\/\/www.seap31.com\/index.php\/contact-2\/\" data-type=\"page\" data-id=\"11\"> le formulaire<\/a><\/li>\n\n\n\n<li>Obtenez un <strong>devis personnalis\u00e9 et gratuit<\/strong><\/li>\n\n\n\n<li>Je vous accompagne de la conception \u00e0 la mise en \u0153uvre avec une approche <strong>sur mesure, int\u00e9gr\u00e9e et flexible<\/strong><\/li>\n<\/ul>\n\n\n\n<figure class=\"wp-block-image aligncenter size-full\"><a href=\"https:\/\/www.seap31.com\/index.php\/project\/sites-internet\/\"><img fetchpriority=\"high\" decoding=\"async\" width=\"750\" height=\"750\" src=\"https:\/\/www.seap31.com\/wp-content\/uploads\/2025\/10\/sites-Internet-realises-SEAP31.png\" alt=\"\" class=\"wp-image-293\" srcset=\"https:\/\/www.seap31.com\/wp-content\/uploads\/2025\/10\/sites-Internet-realises-SEAP31.png 750w, https:\/\/www.seap31.com\/wp-content\/uploads\/2025\/10\/sites-Internet-realises-SEAP31-300x300.png 300w, https:\/\/www.seap31.com\/wp-content\/uploads\/2025\/10\/sites-Internet-realises-SEAP31-150x150.png 150w\" sizes=\"(max-width: 750px) 100vw, 750px\" \/><\/a><\/figure>\n\n\n\n<p class=\"has-text-align-center\"><a href=\"https:\/\/www.seap31.com\/index.php\/project\/sites-internet\/\" data-type=\"link\" data-id=\"https:\/\/www.seap31.com\/index.php\/project\/sites-internet\/\"><strong>&gt;&gt;&gt; D\u00e9couvrez les sites Internet r\u00e9alis\u00e9s par SEAP31 &lt;&lt;&lt;<\/strong><\/a><\/p>\n\n\n\n<div class=\"wp-block-group has-global-padding is-layout-constrained wp-block-group-is-layout-constrained\">\n<div class=\"wp-block-group is-layout-flow wp-block-group-is-layout-flow\">\n<div style=\"height:100px\" aria-hidden=\"true\" class=\"wp-block-spacer\"><\/div>\n\n\n\n<p class=\"has-text-color\" style=\"color:#0bb4aa\">T\u00c9MOIGNAGES CLIENTS<\/p>\n\n\n\n<h2 class=\"wp-block-heading has-large-font-size\">Ce qu&rsquo;ils disent de nous !<\/h2>\n\n\n\n<div style=\"height:42px\" aria-hidden=\"true\" class=\"wp-block-spacer\"><\/div>\n\n\n\n<div class=\"wp-block-columns is-layout-flex wp-container-core-columns-is-layout-28f84493 wp-block-columns-is-layout-flex\">\n<div class=\"wp-block-column is-style-shadow has-background is-layout-flow wp-block-column-is-layout-flow\" style=\"border-style:none;border-width:0px;background-color:#f4f5f8;padding-top:30px;padding-right:30px;padding-bottom:30px;padding-left:30px\">\n<p>\u00ab\u00a0<em><em>SEAP 31 a r\u00e9alis\u00e9 notre site Internet et nous en sommes tr\u00e8s satisfaits ! La relation de travail et les id\u00e9es apport\u00e9es ont \u00e9t\u00e9 tr\u00e8s appr\u00e9ciables. Si vous cherchez une structure fiable et \u00e0 l&rsquo;\u00e9coute n&rsquo;h\u00e9sitez pas \u00e0 les solliciter !<\/em><\/em> Nous l&rsquo;avons par cons\u00e9quent recommander \u00e0 d&rsquo;autres structures. \u00ab\u00a0<\/p>\n\n\n\n<div class=\"wp-block-group has-global-padding is-layout-constrained wp-block-group-is-layout-constrained\">\n<div class=\"wp-block-columns are-vertically-aligned-center is-layout-flex wp-container-core-columns-is-layout-28f84493 wp-block-columns-is-layout-flex\">\n<div class=\"wp-block-column is-vertically-aligned-center is-layout-flow wp-block-column-is-layout-flow\" style=\"flex-basis:100px\">\n<figure class=\"wp-block-image size-full is-resized\"><img decoding=\"async\" width=\"200\" height=\"200\" src=\"https:\/\/www.seap31.com\/wp-content\/uploads\/2025\/10\/Romain-Thomas.jpg\" alt=\"\" class=\"wp-image-235\" style=\"width:79px;height:79px\" srcset=\"https:\/\/www.seap31.com\/wp-content\/uploads\/2025\/10\/Romain-Thomas.jpg 200w, https:\/\/www.seap31.com\/wp-content\/uploads\/2025\/10\/Romain-Thomas-150x150.jpg 150w\" sizes=\"(max-width: 200px) 100vw, 200px\" \/><\/figure>\n<\/div>\n\n\n\n<div class=\"wp-block-column is-vertically-aligned-center is-layout-flow wp-block-column-is-layout-flow\">\n<p class=\"has-foreground-color has-text-color\"><strong>Romain THOMAS<\/strong><br>G\u00e9rant \u30fb Team Events<\/p>\n<\/div>\n<\/div>\n<\/div>\n<\/div>\n\n\n\n<div class=\"wp-block-column is-style-shadow has-background is-layout-flow wp-block-column-is-layout-flow\" style=\"border-style:none;border-width:0px;background-color:#f4f5f8;padding-top:30px;padding-right:30px;padding-bottom:30px;padding-left:30px\">\n<p>\u00ab\u00a0Je travaille avec SEAP31 depuis plusieurs mois et j\u2019appr\u00e9cie tout particuli\u00e8rement la qualit\u00e9 des \u00e9changes avec Philippe, toujours \u00e0 l\u2019\u00e9coute et soucieux de bien comprendre mon m\u00e9tier pour mieux en parler aupr\u00e8s de ses contacts.<br>Les projets de mises en relation sont pertinentes, cibl\u00e9es et r\u00e9ellement porteuses d\u2019opportunit\u00e9s.<br>Gr\u00e2ce \u00e0 cette approche personnalis\u00e9e, j&rsquo;ai pu d\u00e9velopper ma strat\u00e9gie client tout en gagnant du temps sur la prospection.<br>Une collaboration efficace et de confiance.\u00a0\u00bb<\/p>\n\n\n\n<div class=\"wp-block-columns are-vertically-aligned-center is-layout-flex wp-container-core-columns-is-layout-28f84493 wp-block-columns-is-layout-flex\">\n<div class=\"wp-block-column is-vertically-aligned-center is-layout-flow wp-block-column-is-layout-flow\" style=\"flex-basis:100px\">\n<figure class=\"wp-block-image size-full is-resized\"><img decoding=\"async\" width=\"400\" height=\"400\" src=\"https:\/\/www.seap31.com\/wp-content\/uploads\/2025\/10\/ali-abboub-modified.png\" alt=\"\" class=\"wp-image-236\" style=\"width:91px;height:91px\" srcset=\"https:\/\/www.seap31.com\/wp-content\/uploads\/2025\/10\/ali-abboub-modified.png 400w, https:\/\/www.seap31.com\/wp-content\/uploads\/2025\/10\/ali-abboub-modified-300x300.png 300w, https:\/\/www.seap31.com\/wp-content\/uploads\/2025\/10\/ali-abboub-modified-150x150.png 150w\" sizes=\"(max-width: 400px) 100vw, 400px\" \/><\/figure>\n<\/div>\n\n\n\n<div class=\"wp-block-column is-vertically-aligned-center is-layout-flow wp-block-column-is-layout-flow\">\n<p class=\"has-foreground-color has-text-color\"><strong><strong>Ali ABBOUB<\/strong><\/strong><br>G\u00e9rant \u30fb AMA-CGE<\/p>\n<\/div>\n<\/div>\n<\/div>\n<\/div>\n\n\n\n<div style=\"height:156px\" aria-hidden=\"true\" class=\"wp-block-spacer\"><\/div>\n<\/div>\n<\/div>\n","protected":false},"excerpt":{"rendered":"<p>Activit\u00e9s de promotion et accompagnement sur mesure En tant que freelance ind\u00e9pendant, j\u2019accompagne les entreprises, associations et collectivit\u00e9s dans leurs projets de communication et de promotion, qu\u2019ils soient li\u00e9s au sport ou \u00e0 d\u2019autres secteurs. Mon approche : m\u2019int\u00e9grer directement \u00e0 vos \u00e9quipes pour proposer des solutions pratiques, cr\u00e9atives et impactantes. 1\/ Communication digitale et &hellip; <\/p>\n<p class=\"link-more\"><a href=\"https:\/\/www.seap31.com\/index.php\/activites-de-promotion\/\" class=\"more-link\">Lire la suite de<span class=\"screen-reader-text\">\u00ab\u00a0ACTIVIT\u00c9S DE PROMOTION\u00a0\u00bb<\/span><\/a><\/p>\n","protected":false},"author":1,"featured_media":67,"parent":0,"menu_order":0,"comment_status":"closed","ping_status":"closed","template":"","meta":{"footnotes":""},"class_list":["post-186","page","type-page","status-publish","has-post-thumbnail","hentry"],"yoast_head":"<!-- This site is optimized with the Yoast SEO plugin v27.0 - https:\/\/yoast.com\/product\/yoast-seo-wordpress\/ -->\n<title>Consultant en communication et promotion \u2013 Toulouse &amp; Occitanie<\/title>\n<meta name=\"description\" content=\"Je suis consultant freelance \u00e0 Toulouse, sp\u00e9cialis\u00e9 en communication, promotion et accompagnement de projets.\" \/>\n<meta name=\"robots\" content=\"index, follow, max-snippet:-1, max-image-preview:large, max-video-preview:-1\" \/>\n<link rel=\"canonical\" href=\"https:\/\/www.seap31.com\/index.php\/activites-de-promotion\/\" \/>\n<meta property=\"og:locale\" content=\"fr_FR\" \/>\n<meta property=\"og:type\" content=\"article\" \/>\n<meta property=\"og:title\" content=\"Consultant en communication et promotion \u2013 Toulouse &amp; Occitanie\" \/>\n<meta property=\"og:description\" content=\"Je suis consultant freelance \u00e0 Toulouse, sp\u00e9cialis\u00e9 en communication, promotion et accompagnement de projets.\" \/>\n<meta property=\"og:url\" content=\"https:\/\/www.seap31.com\/index.php\/activites-de-promotion\/\" \/>\n<meta property=\"og:site_name\" content=\"SEAP31\" \/>\n<meta property=\"article:modified_time\" content=\"2026-02-23T12:14:00+00:00\" \/>\n<meta property=\"og:image\" content=\"https:\/\/www.seap31.com\/wp-content\/uploads\/2025\/09\/commercialisation-2-SEAP-31.jpeg\" \/>\n\t<meta property=\"og:image:width\" content=\"1880\" \/>\n\t<meta property=\"og:image:height\" content=\"1253\" \/>\n\t<meta property=\"og:image:type\" content=\"image\/jpeg\" \/>\n<meta name=\"twitter:card\" content=\"summary_large_image\" \/>\n<meta name=\"twitter:label1\" content=\"Dur\u00e9e de lecture estim\u00e9e\" \/>\n\t<meta name=\"twitter:data1\" content=\"4 minutes\" \/>\n<script type=\"application\/ld+json\" class=\"yoast-schema-graph\">{\"@context\":\"https:\/\/schema.org\",\"@graph\":[{\"@type\":\"WebPage\",\"@id\":\"https:\/\/www.seap31.com\/index.php\/activites-de-promotion\/\",\"url\":\"https:\/\/www.seap31.com\/index.php\/activites-de-promotion\/\",\"name\":\"Consultant en communication et promotion \u2013 Toulouse & Occitanie\",\"isPartOf\":{\"@id\":\"https:\/\/www.seap31.com\/#website\"},\"primaryImageOfPage\":{\"@id\":\"https:\/\/www.seap31.com\/index.php\/activites-de-promotion\/#primaryimage\"},\"image\":{\"@id\":\"https:\/\/www.seap31.com\/index.php\/activites-de-promotion\/#primaryimage\"},\"thumbnailUrl\":\"https:\/\/www.seap31.com\/wp-content\/uploads\/2025\/09\/commercialisation-2-SEAP-31.jpeg\",\"datePublished\":\"2025-10-03T07:57:20+00:00\",\"dateModified\":\"2026-02-23T12:14:00+00:00\",\"description\":\"Je suis consultant freelance \u00e0 Toulouse, sp\u00e9cialis\u00e9 en communication, promotion et accompagnement de projets.\",\"breadcrumb\":{\"@id\":\"https:\/\/www.seap31.com\/index.php\/activites-de-promotion\/#breadcrumb\"},\"inLanguage\":\"fr-FR\",\"potentialAction\":[{\"@type\":\"ReadAction\",\"target\":[\"https:\/\/www.seap31.com\/index.php\/activites-de-promotion\/\"]}]},{\"@type\":\"ImageObject\",\"inLanguage\":\"fr-FR\",\"@id\":\"https:\/\/www.seap31.com\/index.php\/activites-de-promotion\/#primaryimage\",\"url\":\"https:\/\/www.seap31.com\/wp-content\/uploads\/2025\/09\/commercialisation-2-SEAP-31.jpeg\",\"contentUrl\":\"https:\/\/www.seap31.com\/wp-content\/uploads\/2025\/09\/commercialisation-2-SEAP-31.jpeg\",\"width\":1880,\"height\":1253},{\"@type\":\"BreadcrumbList\",\"@id\":\"https:\/\/www.seap31.com\/index.php\/activites-de-promotion\/#breadcrumb\",\"itemListElement\":[{\"@type\":\"ListItem\",\"position\":1,\"name\":\"Accueil\",\"item\":\"https:\/\/www.seap31.com\/\"},{\"@type\":\"ListItem\",\"position\":2,\"name\":\"ACTIVIT\u00c9S DE PROMOTION\"}]},{\"@type\":\"WebSite\",\"@id\":\"https:\/\/www.seap31.com\/#website\",\"url\":\"https:\/\/www.seap31.com\/\",\"name\":\"SEAP31\",\"description\":\"Artisan local de l&#039;\u00e9v\u00e8nementiel\",\"publisher\":{\"@id\":\"https:\/\/www.seap31.com\/#organization\"},\"potentialAction\":[{\"@type\":\"SearchAction\",\"target\":{\"@type\":\"EntryPoint\",\"urlTemplate\":\"https:\/\/www.seap31.com\/?s={search_term_string}\"},\"query-input\":{\"@type\":\"PropertyValueSpecification\",\"valueRequired\":true,\"valueName\":\"search_term_string\"}}],\"inLanguage\":\"fr-FR\"},{\"@type\":\"Organization\",\"@id\":\"https:\/\/www.seap31.com\/#organization\",\"name\":\"SEAP31\",\"url\":\"https:\/\/www.seap31.com\/\",\"logo\":{\"@type\":\"ImageObject\",\"inLanguage\":\"fr-FR\",\"@id\":\"https:\/\/www.seap31.com\/#\/schema\/logo\/image\/\",\"url\":\"https:\/\/www.seap31.com\/wp-content\/uploads\/2025\/09\/logo-SEAP31-signature.png\",\"contentUrl\":\"https:\/\/www.seap31.com\/wp-content\/uploads\/2025\/09\/logo-SEAP31-signature.png\",\"width\":1205,\"height\":676,\"caption\":\"SEAP31\"},\"image\":{\"@id\":\"https:\/\/www.seap31.com\/#\/schema\/logo\/image\/\"},\"sameAs\":[\"https:\/\/www.linkedin.com\/in\/philippe-garcia-5a5b25154\/\"]}]}<\/script>\n<!-- \/ Yoast SEO plugin. -->","yoast_head_json":{"title":"Consultant en communication et promotion \u2013 Toulouse & Occitanie","description":"Je suis consultant freelance \u00e0 Toulouse, sp\u00e9cialis\u00e9 en communication, promotion et accompagnement de projets.","robots":{"index":"index","follow":"follow","max-snippet":"max-snippet:-1","max-image-preview":"max-image-preview:large","max-video-preview":"max-video-preview:-1"},"canonical":"https:\/\/www.seap31.com\/index.php\/activites-de-promotion\/","og_locale":"fr_FR","og_type":"article","og_title":"Consultant en communication et promotion \u2013 Toulouse & Occitanie","og_description":"Je suis consultant freelance \u00e0 Toulouse, sp\u00e9cialis\u00e9 en communication, promotion et accompagnement de projets.","og_url":"https:\/\/www.seap31.com\/index.php\/activites-de-promotion\/","og_site_name":"SEAP31","article_modified_time":"2026-02-23T12:14:00+00:00","og_image":[{"width":1880,"height":1253,"url":"https:\/\/www.seap31.com\/wp-content\/uploads\/2025\/09\/commercialisation-2-SEAP-31.jpeg","type":"image\/jpeg"}],"twitter_card":"summary_large_image","twitter_misc":{"Dur\u00e9e de lecture estim\u00e9e":"4 minutes"},"schema":{"@context":"https:\/\/schema.org","@graph":[{"@type":"WebPage","@id":"https:\/\/www.seap31.com\/index.php\/activites-de-promotion\/","url":"https:\/\/www.seap31.com\/index.php\/activites-de-promotion\/","name":"Consultant en communication et promotion \u2013 Toulouse & Occitanie","isPartOf":{"@id":"https:\/\/www.seap31.com\/#website"},"primaryImageOfPage":{"@id":"https:\/\/www.seap31.com\/index.php\/activites-de-promotion\/#primaryimage"},"image":{"@id":"https:\/\/www.seap31.com\/index.php\/activites-de-promotion\/#primaryimage"},"thumbnailUrl":"https:\/\/www.seap31.com\/wp-content\/uploads\/2025\/09\/commercialisation-2-SEAP-31.jpeg","datePublished":"2025-10-03T07:57:20+00:00","dateModified":"2026-02-23T12:14:00+00:00","description":"Je suis consultant freelance \u00e0 Toulouse, sp\u00e9cialis\u00e9 en communication, promotion et accompagnement de projets.","breadcrumb":{"@id":"https:\/\/www.seap31.com\/index.php\/activites-de-promotion\/#breadcrumb"},"inLanguage":"fr-FR","potentialAction":[{"@type":"ReadAction","target":["https:\/\/www.seap31.com\/index.php\/activites-de-promotion\/"]}]},{"@type":"ImageObject","inLanguage":"fr-FR","@id":"https:\/\/www.seap31.com\/index.php\/activites-de-promotion\/#primaryimage","url":"https:\/\/www.seap31.com\/wp-content\/uploads\/2025\/09\/commercialisation-2-SEAP-31.jpeg","contentUrl":"https:\/\/www.seap31.com\/wp-content\/uploads\/2025\/09\/commercialisation-2-SEAP-31.jpeg","width":1880,"height":1253},{"@type":"BreadcrumbList","@id":"https:\/\/www.seap31.com\/index.php\/activites-de-promotion\/#breadcrumb","itemListElement":[{"@type":"ListItem","position":1,"name":"Accueil","item":"https:\/\/www.seap31.com\/"},{"@type":"ListItem","position":2,"name":"ACTIVIT\u00c9S DE PROMOTION"}]},{"@type":"WebSite","@id":"https:\/\/www.seap31.com\/#website","url":"https:\/\/www.seap31.com\/","name":"SEAP31","description":"Artisan local de l&#039;\u00e9v\u00e8nementiel","publisher":{"@id":"https:\/\/www.seap31.com\/#organization"},"potentialAction":[{"@type":"SearchAction","target":{"@type":"EntryPoint","urlTemplate":"https:\/\/www.seap31.com\/?s={search_term_string}"},"query-input":{"@type":"PropertyValueSpecification","valueRequired":true,"valueName":"search_term_string"}}],"inLanguage":"fr-FR"},{"@type":"Organization","@id":"https:\/\/www.seap31.com\/#organization","name":"SEAP31","url":"https:\/\/www.seap31.com\/","logo":{"@type":"ImageObject","inLanguage":"fr-FR","@id":"https:\/\/www.seap31.com\/#\/schema\/logo\/image\/","url":"https:\/\/www.seap31.com\/wp-content\/uploads\/2025\/09\/logo-SEAP31-signature.png","contentUrl":"https:\/\/www.seap31.com\/wp-content\/uploads\/2025\/09\/logo-SEAP31-signature.png","width":1205,"height":676,"caption":"SEAP31"},"image":{"@id":"https:\/\/www.seap31.com\/#\/schema\/logo\/image\/"},"sameAs":["https:\/\/www.linkedin.com\/in\/philippe-garcia-5a5b25154\/"]}]}},"featured_media_urls":{"thumbnail":["https:\/\/www.seap31.com\/wp-content\/uploads\/2025\/09\/commercialisation-2-SEAP-31-150x150.jpeg",150,150,true],"medium":["https:\/\/www.seap31.com\/wp-content\/uploads\/2025\/09\/commercialisation-2-SEAP-31-300x200.jpeg",300,200,true],"medium_large":["https:\/\/www.seap31.com\/wp-content\/uploads\/2025\/09\/commercialisation-2-SEAP-31.jpeg",768,512,false],"large":["https:\/\/www.seap31.com\/wp-content\/uploads\/2025\/09\/commercialisation-2-SEAP-31-1024x682.jpeg",950,633,true],"1536x1536":["https:\/\/www.seap31.com\/wp-content\/uploads\/2025\/09\/commercialisation-2-SEAP-31-1536x1024.jpeg",1536,1024,true],"2048x2048":["https:\/\/www.seap31.com\/wp-content\/uploads\/2025\/09\/commercialisation-2-SEAP-31.jpeg",1880,1253,false],"inspiro-featured-image":["https:\/\/www.seap31.com\/wp-content\/uploads\/2025\/09\/commercialisation-2-SEAP-31.jpeg",1880,1253,false],"inspiro-loop":["https:\/\/www.seap31.com\/wp-content\/uploads\/2025\/09\/commercialisation-2-SEAP-31-950x320.jpeg",950,320,true],"inspiro-loop@2x":["https:\/\/www.seap31.com\/wp-content\/uploads\/2025\/09\/commercialisation-2-SEAP-31-1880x640.jpeg",1880,640,true],"portfolio_item-thumbnail":["https:\/\/www.seap31.com\/wp-content\/uploads\/2025\/09\/commercialisation-2-SEAP-31-600x400.jpeg",600,400,true],"portfolio_item-thumbnail@2x":["https:\/\/www.seap31.com\/wp-content\/uploads\/2025\/09\/commercialisation-2-SEAP-31-1200x800.jpeg",1200,800,true],"portfolio_item-masonry":["https:\/\/www.seap31.com\/wp-content\/uploads\/2025\/09\/commercialisation-2-SEAP-31-600x400.jpeg",600,400,true],"portfolio_item-masonry@2x":["https:\/\/www.seap31.com\/wp-content\/uploads\/2025\/09\/commercialisation-2-SEAP-31-1200x800.jpeg",1200,800,true],"portfolio_item-thumbnail_cinema":["https:\/\/www.seap31.com\/wp-content\/uploads\/2025\/09\/commercialisation-2-SEAP-31-800x335.jpeg",800,335,true],"portfolio_item-thumbnail_portrait":["https:\/\/www.seap31.com\/wp-content\/uploads\/2025\/09\/commercialisation-2-SEAP-31-600x900.jpeg",600,900,true],"portfolio_item-thumbnail_portrait@2x":["https:\/\/www.seap31.com\/wp-content\/uploads\/2025\/09\/commercialisation-2-SEAP-31-1200x1253.jpeg",1200,1253,true],"portfolio_item-thumbnail_square":["https:\/\/www.seap31.com\/wp-content\/uploads\/2025\/09\/commercialisation-2-SEAP-31-800x800.jpeg",800,800,true]},"_links":{"self":[{"href":"https:\/\/www.seap31.com\/index.php\/wp-json\/wp\/v2\/pages\/186","targetHints":{"allow":["GET"]}}],"collection":[{"href":"https:\/\/www.seap31.com\/index.php\/wp-json\/wp\/v2\/pages"}],"about":[{"href":"https:\/\/www.seap31.com\/index.php\/wp-json\/wp\/v2\/types\/page"}],"author":[{"embeddable":true,"href":"https:\/\/www.seap31.com\/index.php\/wp-json\/wp\/v2\/users\/1"}],"replies":[{"embeddable":true,"href":"https:\/\/www.seap31.com\/index.php\/wp-json\/wp\/v2\/comments?post=186"}],"version-history":[{"count":11,"href":"https:\/\/www.seap31.com\/index.php\/wp-json\/wp\/v2\/pages\/186\/revisions"}],"predecessor-version":[{"id":406,"href":"https:\/\/www.seap31.com\/index.php\/wp-json\/wp\/v2\/pages\/186\/revisions\/406"}],"wp:featuredmedia":[{"embeddable":true,"href":"https:\/\/www.seap31.com\/index.php\/wp-json\/wp\/v2\/media\/67"}],"wp:attachment":[{"href":"https:\/\/www.seap31.com\/index.php\/wp-json\/wp\/v2\/media?parent=186"}],"curies":[{"name":"wp","href":"https:\/\/api.w.org\/{rel}","templated":true}]}}