{"id":184,"date":"2025-10-03T07:56:52","date_gmt":"2025-10-03T07:56:52","guid":{"rendered":"https:\/\/www.seap31.com\/?page_id=184"},"modified":"2026-02-23T12:17:49","modified_gmt":"2026-02-23T12:17:49","slug":"events","status":"publish","type":"page","link":"https:\/\/www.seap31.com\/index.php\/events\/","title":{"rendered":"EVENTS"},"content":{"rendered":"\n<p class=\"has-text-align-center\">Je suis <strong>freelance sp\u00e9cialis\u00e9 en \u00e9v\u00e9nementiel et team building<\/strong>, et j\u2019accompagne les entreprises, associations et collectivit\u00e9s dans la conception et la r\u00e9alisation de leurs projets. Je m\u2019int\u00e8gre directement dans votre organisation pour proposer des solutions <strong>sur mesure, flexibles et efficaces<\/strong>, que ce soit pour des \u00e9v\u00e9nements ponctuels ou des collaborations sur le long terme.<\/p>\n\n\n\n<p class=\"has-text-align-center\">Nous avons \u00e9galement un concept de challenge inter entreprises \u00e0 vous proposer : <a href=\"https:\/\/www.defi-play4fun.fr\/inscriptions\/\" data-type=\"link\" data-id=\"https:\/\/www.defi-play4fun.fr\/inscriptions\/\">Play4Fun<\/a><\/p>\n\n\n\n<main class=\"wp-block-group alignfull site-content has-primary-background-color has-background has-global-padding is-layout-constrained wp-block-group-is-layout-constrained\" style=\"margin-top:0;padding-top:var(--wp--preset--spacing--x-large);padding-bottom:var(--wp--preset--spacing--x-large)\">\n<div class=\"wp-block-group is-style-default is-layout-flow wp-block-group-is-layout-flow\">\n<div style=\"height:71px\" aria-hidden=\"true\" class=\"wp-block-spacer\"><\/div>\n\n\n\n<div class=\"wp-block-columns is-layout-flex wp-container-core-columns-is-layout-28f84493 wp-block-columns-is-layout-flex\">\n<div class=\"wp-block-column is-layout-flow wp-block-column-is-layout-flow\" style=\"border-style:none;border-width:0px;padding-top:0px;padding-right:0px;padding-bottom:0px;padding-left:0px\">\n<h2 class=\"wp-block-heading has-white-color has-text-color\">1\/Freelance pour votre agence \u00e9v\u00e8nementielle\u00a0:<\/h2>\n\n\n\n<p class=\"has-lightgrey-color has-text-color\">Je peux intervenir comme <strong>consultant freelance<\/strong> pour votre agence ou votre service interne afin de :<\/p>\n\n\n\n<ul class=\"wp-block-list\">\n<li class=\"has-lightgrey-color has-text-color\">G\u00e9rer vos projets \u00e9v\u00e9nementiels<\/li>\n\n\n\n<li class=\"has-lightgrey-color has-text-color\">Organiser des soir\u00e9es, s\u00e9minaires ou journ\u00e9es d\u2019\u00e9tudes<\/li>\n\n\n\n<li class=\"has-lightgrey-color has-text-color\">Concevoir et coordonner des lancements de produits<\/li>\n\n\n\n<li class=\"has-lightgrey-color has-text-color\">Mettre en place des activit\u00e9s de <strong>team building<\/strong> et des <strong>voyages incentives<\/strong><\/li>\n<\/ul>\n\n\n\n<p class=\"has-lightgrey-color has-text-color\">Mon r\u00f4le est de <strong>prendre en charge la partie op\u00e9rationnelle ou cr\u00e9ative<\/strong>, tout en m\u2019int\u00e9grant \u00e0 vos \u00e9quipes et en respectant votre identit\u00e9.<\/p>\n\n\n\n<p class=\"has-secondary-color has-text-color has-link-color wp-elements-9ab710cf8c468622e0769e4dc7d6d8ac\"><\/p>\n<\/div>\n\n\n\n<div class=\"wp-block-column is-layout-flow wp-block-column-is-layout-flow\" style=\"border-style:none;border-width:0px;padding-top:0px;padding-right:0px;padding-bottom:0px;padding-left:0px\">\n<h2 class=\"wp-block-heading has-white-color has-text-color\">Collaboration en marque blanche et accompagnement long terme<\/h2>\n\n\n\n<p class=\"has-lightgrey-color has-text-color\">Je travaille en <strong>marque blanche<\/strong>, directement int\u00e9gr\u00e9 \u00e0 votre organisation, afin que vos clients ou vos \u00e9quipes b\u00e9n\u00e9ficient d\u2019une exp\u00e9rience fluide et professionnelle.<\/p>\n\n\n\n<p class=\"has-lightgrey-color has-text-color\">Mon objectif est de <strong>collaborer sur le long terme<\/strong>, ce qui apporte de nombreux avantages :<\/p>\n\n\n\n<ul class=\"wp-block-list\">\n<li class=\"has-lightgrey-color has-text-color\">Pour vous : un support fiable et adaptable, capable de r\u00e9pondre \u00e0 vos besoins tout au long de l\u2019ann\u00e9e<\/li>\n\n\n\n<li class=\"has-lightgrey-color has-text-color\">Pour moi : la possibilit\u00e9 de comprendre vos attentes et d\u2019am\u00e9liorer constamment mes prestations<\/li>\n<\/ul>\n\n\n\n<p class=\"has-lightgrey-color has-text-color\">Je propose des <strong>contrats ponctuels ou annualis\u00e9s<\/strong>, selon vos besoins et la fr\u00e9quence de vos projets.<\/p>\n<\/div>\n<\/div>\n\n\n\n<div style=\"height:81px\" aria-hidden=\"true\" class=\"wp-block-spacer\"><\/div>\n\n\n\n<div class=\"wp-block-columns is-layout-flex wp-container-core-columns-is-layout-28f84493 wp-block-columns-is-layout-flex\">\n<div class=\"wp-block-column is-layout-flow wp-block-column-is-layout-flow\" style=\"border-style:none;border-width:0px;padding-top:0px;padding-right:0px;padding-bottom:0px;padding-left:0px\">\n<h2 class=\"wp-block-heading has-white-color has-text-color\">2\/ Cr\u00e9ation d\u2019activit\u00e9s Team Building sur mesure<\/h2>\n\n\n\n<p class=\"has-lightgrey-color has-text-color\">Cr\u00e9atif et \u00e0 l\u2019\u00e9coute, je con\u00e7ois vos <strong>activit\u00e9s team building personnalis\u00e9es<\/strong> :<\/p>\n\n\n\n<ul class=\"wp-block-list\">\n<li class=\"has-lightgrey-color has-text-color\">D\u00e9fis ludiques ou sportifs adapt\u00e9s \u00e0 vos objectifs<\/li>\n\n\n\n<li class=\"has-lightgrey-color has-text-color\">Jeux collaboratifs pour renforcer la coh\u00e9sion et la motivation<\/li>\n\n\n\n<li class=\"has-lightgrey-color has-text-color\">Concepts sur mesure qui refl\u00e8tent vos valeurs et votre culture<\/li>\n<\/ul>\n\n\n\n<p class=\"has-lightgrey-color has-text-color\">Chaque activit\u00e9 est pens\u00e9e pour \u00eatre <strong>impactante, originale et facilement int\u00e9grable<\/strong> dans vos \u00e9v\u00e9nements.<\/p>\n\n\n\n<p class=\"has-secondary-color has-text-color has-link-color wp-elements-9ab710cf8c468622e0769e4dc7d6d8ac\"><\/p>\n<\/div>\n\n\n\n<div class=\"wp-block-column is-layout-flow wp-block-column-is-layout-flow\" style=\"border-style:none;border-width:0px;padding-top:0px;padding-right:0px;padding-bottom:0px;padding-left:0px\">\n<h2 class=\"wp-block-heading has-white-color has-text-color\">3\/ Animation d\u2019activit\u00e9s Team Building<\/h2>\n\n\n\n<p class=\"has-lightgrey-color has-text-color\">Je peux <strong>animer vos activit\u00e9s<\/strong> en <strong>fran\u00e7ais et en anglais<\/strong>, pour des groupes de <strong>10 \u00e0 1000 participants<\/strong>.<br>Mon approche est flexible : je m\u2019adapte \u00e0 vos \u00e9quipes, vos espaces et vos objectifs pour que chaque participant vive une exp\u00e9rience <strong>conviviale, engageante et m\u00e9morable<\/strong>.<\/p>\n\n\n\n<p class=\"has-lightgrey-color has-text-color\"><\/p>\n\n\n\n<p class=\"has-secondary-color has-text-color has-link-color wp-elements-9ab710cf8c468622e0769e4dc7d6d8ac\"><\/p>\n<\/div>\n<\/div>\n<\/div>\n<\/main>\n\n\n\n<div class=\"wp-block-group has-global-padding is-layout-constrained wp-block-group-is-layout-constrained\">\n<div class=\"wp-block-group is-layout-flow wp-block-group-is-layout-flow\">\n<div style=\"height:100px\" aria-hidden=\"true\" class=\"wp-block-spacer\"><\/div>\n\n\n\n<p class=\"has-text-color\" style=\"color:#0bb4aa\">T\u00c9MOIGNAGES CLIENTS<\/p>\n\n\n\n<h2 class=\"wp-block-heading has-large-font-size\">Ce qu&rsquo;ils disent de nous !<\/h2>\n\n\n\n<div style=\"height:42px\" aria-hidden=\"true\" class=\"wp-block-spacer\"><\/div>\n\n\n\n<div class=\"wp-block-columns is-layout-flex wp-container-core-columns-is-layout-28f84493 wp-block-columns-is-layout-flex\">\n<div class=\"wp-block-column is-style-shadow has-background is-layout-flow wp-block-column-is-layout-flow\" style=\"border-style:none;border-width:0px;background-color:#f4f5f8;padding-top:30px;padding-right:30px;padding-bottom:30px;padding-left:30px\">\n<p>\u00ab\u00a0Philippe a d\u00e9montr\u00e9 des comp\u00e9tences exceptionnelles dans l\u2019organisation d\u2019\u00e9v\u00e9nements, la gestion de projets, ainsi que dans le suivi client et l\u2019animation de groupes. Sur le terrain, il s\u2019est \u00e9galement illustr\u00e9 par son aptitude \u00e0 encadrer des groupes de mani\u00e8re dynamique et conviviale, garantissant \u00e0 chaque participant une  exp\u00e9rience enrichissante et de qualit\u00e9. Sa capacit\u00e9 \u00e0 animer des sessions de Team Building, tout en maintenant un esprit de groupe et en s\u2019adaptant aux besoins sp\u00e9cifiques des participants, a \u00e9t\u00e9 un atout consid\u00e9rable pour notre entreprise.\u00a0\u00bb<\/p>\n\n\n\n<div class=\"wp-block-group has-global-padding is-layout-constrained wp-block-group-is-layout-constrained\">\n<div class=\"wp-block-columns are-vertically-aligned-center is-layout-flex wp-container-core-columns-is-layout-28f84493 wp-block-columns-is-layout-flex\">\n<div class=\"wp-block-column is-vertically-aligned-center is-layout-flow wp-block-column-is-layout-flow\" style=\"flex-basis:100px\">\n<figure class=\"wp-block-image size-full is-resized\"><img fetchpriority=\"high\" decoding=\"async\" width=\"389\" height=\"389\" src=\"https:\/\/www.seap31.com\/wp-content\/uploads\/2025\/10\/Emilie_edited-modified.jpg\" alt=\"\" class=\"wp-image-239\" style=\"width:79px;height:79px\" srcset=\"https:\/\/www.seap31.com\/wp-content\/uploads\/2025\/10\/Emilie_edited-modified.jpg 389w, https:\/\/www.seap31.com\/wp-content\/uploads\/2025\/10\/Emilie_edited-modified-300x300.jpg 300w, https:\/\/www.seap31.com\/wp-content\/uploads\/2025\/10\/Emilie_edited-modified-150x150.jpg 150w\" sizes=\"(max-width: 389px) 100vw, 389px\" \/><\/figure>\n<\/div>\n\n\n\n<div class=\"wp-block-column is-vertically-aligned-center is-layout-flow wp-block-column-is-layout-flow\">\n<p class=\"has-foreground-color has-text-color\"><strong>Emilie SALESSES<\/strong><br>G\u00e9rante \u30fb CDV Rallyes<\/p>\n<\/div>\n<\/div>\n<\/div>\n<\/div>\n\n\n\n<div class=\"wp-block-column is-style-shadow has-background is-layout-flow wp-block-column-is-layout-flow\" style=\"border-style:none;border-width:0px;background-color:#f4f5f8;padding-top:30px;padding-right:30px;padding-bottom:30px;padding-left:30px\">\n<p>\u00ab\u00a0Nous collaborons r\u00e9guli\u00e8rement avec &nbsp;SEAP 31 sur des \u00e9v\u00e9nements entreprises et c\u2019est tr\u00e8s pr\u00e9cieux de pouvoir compter sur la cr\u00e9ativit\u00e9, la connaissance du territoire et le professionnalisme de Philippe.<\/p>\n\n\n\n<p>Nous lan\u00e7ons d\u2019ailleurs un d\u00e9fi inter-entreprises ensemble \u00e0 Toulouse, le Play 4 Fun, le 21 mai 2026.\u00a0\u00bb<\/p>\n\n\n\n<div class=\"wp-block-columns are-vertically-aligned-center is-layout-flex wp-container-core-columns-is-layout-28f84493 wp-block-columns-is-layout-flex\">\n<div class=\"wp-block-column is-vertically-aligned-center is-layout-flow wp-block-column-is-layout-flow\" style=\"flex-basis:100px\">\n<figure class=\"wp-block-image size-full\"><img decoding=\"async\" src=\"https:\/\/www.seap31.com\/wp-content\/uploads\/2025\/10\/Photo-FLM-.jpg\" alt=\"\" class=\"wp-image-319\"\/><\/figure>\n<\/div>\n\n\n\n<div class=\"wp-block-column is-vertically-aligned-center is-layout-flow wp-block-column-is-layout-flow\">\n<p class=\"has-foreground-color has-text-color\"><strong><strong>Florent LE MAY<\/strong><\/strong><br>G\u00e9rant \u30fb Play To B<\/p>\n<\/div>\n<\/div>\n<\/div>\n<\/div>\n\n\n\n<div style=\"height:156px\" aria-hidden=\"true\" class=\"wp-block-spacer\"><\/div>\n<\/div>\n<\/div>\n\n\n\n<p><\/p>\n","protected":false},"excerpt":{"rendered":"<p>Je suis freelance sp\u00e9cialis\u00e9 en \u00e9v\u00e9nementiel et team building, et j\u2019accompagne les entreprises, associations et collectivit\u00e9s dans la conception et la r\u00e9alisation de leurs projets. Je m\u2019int\u00e8gre directement dans votre organisation pour proposer des solutions sur mesure, flexibles et efficaces, que ce soit pour des \u00e9v\u00e9nements ponctuels ou des collaborations sur le long terme. Nous &hellip; <\/p>\n<p class=\"link-more\"><a href=\"https:\/\/www.seap31.com\/index.php\/events\/\" class=\"more-link\">Lire la suite de<span class=\"screen-reader-text\">\u00ab\u00a0EVENTS\u00a0\u00bb<\/span><\/a><\/p>\n","protected":false},"author":1,"featured_media":65,"parent":0,"menu_order":0,"comment_status":"closed","ping_status":"closed","template":"","meta":{"footnotes":""},"class_list":["post-184","page","type-page","status-publish","has-post-thumbnail","hentry"],"yoast_head":"<!-- This site is optimized with the Yoast SEO plugin v27.0 - https:\/\/yoast.com\/product\/yoast-seo-wordpress\/ -->\n<title>\u00c9v\u00e9nements &amp; Team Building | Challenges Inter\u2011entreprises<\/title>\n<meta name=\"description\" content=\"Organisateur d\u2019\u00e9v\u00e9nements et team building \u00e0 Toulouse : challenges inter\u2011entreprises, animations sportives pour renforcer la coh\u00e9sion d&#039;\u00e9quipe\" \/>\n<meta name=\"robots\" content=\"index, follow, max-snippet:-1, max-image-preview:large, max-video-preview:-1\" \/>\n<link rel=\"canonical\" href=\"https:\/\/www.seap31.com\/index.php\/events\/\" \/>\n<meta property=\"og:locale\" content=\"fr_FR\" \/>\n<meta property=\"og:type\" content=\"article\" \/>\n<meta property=\"og:title\" content=\"\u00c9v\u00e9nements &amp; Team Building | Challenges Inter\u2011entreprises\" \/>\n<meta property=\"og:description\" content=\"Organisateur d\u2019\u00e9v\u00e9nements et team building \u00e0 Toulouse : challenges inter\u2011entreprises, animations sportives pour renforcer la coh\u00e9sion d&#039;\u00e9quipe\" \/>\n<meta property=\"og:url\" content=\"https:\/\/www.seap31.com\/index.php\/events\/\" \/>\n<meta property=\"og:site_name\" content=\"SEAP31\" \/>\n<meta property=\"article:modified_time\" content=\"2026-02-23T12:17:49+00:00\" \/>\n<meta property=\"og:image\" content=\"https:\/\/www.seap31.com\/wp-content\/uploads\/2025\/09\/evenement-dentreprise-SEAP31-scaled.jpg\" \/>\n\t<meta property=\"og:image:width\" content=\"2560\" \/>\n\t<meta property=\"og:image:height\" content=\"1707\" \/>\n\t<meta property=\"og:image:type\" content=\"image\/jpeg\" \/>\n<meta name=\"twitter:card\" content=\"summary_large_image\" \/>\n<meta name=\"twitter:label1\" content=\"Dur\u00e9e de lecture estim\u00e9e\" \/>\n\t<meta name=\"twitter:data1\" content=\"4 minutes\" \/>\n<script type=\"application\/ld+json\" class=\"yoast-schema-graph\">{\"@context\":\"https:\/\/schema.org\",\"@graph\":[{\"@type\":\"WebPage\",\"@id\":\"https:\/\/www.seap31.com\/index.php\/events\/\",\"url\":\"https:\/\/www.seap31.com\/index.php\/events\/\",\"name\":\"\u00c9v\u00e9nements & Team Building | Challenges Inter\u2011entreprises\",\"isPartOf\":{\"@id\":\"https:\/\/www.seap31.com\/#website\"},\"primaryImageOfPage\":{\"@id\":\"https:\/\/www.seap31.com\/index.php\/events\/#primaryimage\"},\"image\":{\"@id\":\"https:\/\/www.seap31.com\/index.php\/events\/#primaryimage\"},\"thumbnailUrl\":\"https:\/\/www.seap31.com\/wp-content\/uploads\/2025\/09\/evenement-dentreprise-SEAP31-scaled.jpg\",\"datePublished\":\"2025-10-03T07:56:52+00:00\",\"dateModified\":\"2026-02-23T12:17:49+00:00\",\"description\":\"Organisateur d\u2019\u00e9v\u00e9nements et team building \u00e0 Toulouse : challenges inter\u2011entreprises, animations sportives pour renforcer la coh\u00e9sion d'\u00e9quipe\",\"breadcrumb\":{\"@id\":\"https:\/\/www.seap31.com\/index.php\/events\/#breadcrumb\"},\"inLanguage\":\"fr-FR\",\"potentialAction\":[{\"@type\":\"ReadAction\",\"target\":[\"https:\/\/www.seap31.com\/index.php\/events\/\"]}]},{\"@type\":\"ImageObject\",\"inLanguage\":\"fr-FR\",\"@id\":\"https:\/\/www.seap31.com\/index.php\/events\/#primaryimage\",\"url\":\"https:\/\/www.seap31.com\/wp-content\/uploads\/2025\/09\/evenement-dentreprise-SEAP31-scaled.jpg\",\"contentUrl\":\"https:\/\/www.seap31.com\/wp-content\/uploads\/2025\/09\/evenement-dentreprise-SEAP31-scaled.jpg\",\"width\":2560,\"height\":1707,\"caption\":\"SEAP31 - S\u00e9minaire entreprise Toulouse\"},{\"@type\":\"BreadcrumbList\",\"@id\":\"https:\/\/www.seap31.com\/index.php\/events\/#breadcrumb\",\"itemListElement\":[{\"@type\":\"ListItem\",\"position\":1,\"name\":\"Accueil\",\"item\":\"https:\/\/www.seap31.com\/\"},{\"@type\":\"ListItem\",\"position\":2,\"name\":\"EVENTS\"}]},{\"@type\":\"WebSite\",\"@id\":\"https:\/\/www.seap31.com\/#website\",\"url\":\"https:\/\/www.seap31.com\/\",\"name\":\"SEAP31\",\"description\":\"Artisan local de l&#039;\u00e9v\u00e8nementiel\",\"publisher\":{\"@id\":\"https:\/\/www.seap31.com\/#organization\"},\"potentialAction\":[{\"@type\":\"SearchAction\",\"target\":{\"@type\":\"EntryPoint\",\"urlTemplate\":\"https:\/\/www.seap31.com\/?s={search_term_string}\"},\"query-input\":{\"@type\":\"PropertyValueSpecification\",\"valueRequired\":true,\"valueName\":\"search_term_string\"}}],\"inLanguage\":\"fr-FR\"},{\"@type\":\"Organization\",\"@id\":\"https:\/\/www.seap31.com\/#organization\",\"name\":\"SEAP31\",\"url\":\"https:\/\/www.seap31.com\/\",\"logo\":{\"@type\":\"ImageObject\",\"inLanguage\":\"fr-FR\",\"@id\":\"https:\/\/www.seap31.com\/#\/schema\/logo\/image\/\",\"url\":\"https:\/\/www.seap31.com\/wp-content\/uploads\/2025\/09\/logo-SEAP31-signature.png\",\"contentUrl\":\"https:\/\/www.seap31.com\/wp-content\/uploads\/2025\/09\/logo-SEAP31-signature.png\",\"width\":1205,\"height\":676,\"caption\":\"SEAP31\"},\"image\":{\"@id\":\"https:\/\/www.seap31.com\/#\/schema\/logo\/image\/\"},\"sameAs\":[\"https:\/\/www.linkedin.com\/in\/philippe-garcia-5a5b25154\/\"]}]}<\/script>\n<!-- \/ Yoast SEO plugin. -->","yoast_head_json":{"title":"\u00c9v\u00e9nements & Team Building | Challenges Inter\u2011entreprises","description":"Organisateur d\u2019\u00e9v\u00e9nements et team building \u00e0 Toulouse : challenges inter\u2011entreprises, animations sportives pour renforcer la coh\u00e9sion d'\u00e9quipe","robots":{"index":"index","follow":"follow","max-snippet":"max-snippet:-1","max-image-preview":"max-image-preview:large","max-video-preview":"max-video-preview:-1"},"canonical":"https:\/\/www.seap31.com\/index.php\/events\/","og_locale":"fr_FR","og_type":"article","og_title":"\u00c9v\u00e9nements & Team Building | Challenges Inter\u2011entreprises","og_description":"Organisateur d\u2019\u00e9v\u00e9nements et team building \u00e0 Toulouse : challenges inter\u2011entreprises, animations sportives pour renforcer la coh\u00e9sion d'\u00e9quipe","og_url":"https:\/\/www.seap31.com\/index.php\/events\/","og_site_name":"SEAP31","article_modified_time":"2026-02-23T12:17:49+00:00","og_image":[{"width":2560,"height":1707,"url":"https:\/\/www.seap31.com\/wp-content\/uploads\/2025\/09\/evenement-dentreprise-SEAP31-scaled.jpg","type":"image\/jpeg"}],"twitter_card":"summary_large_image","twitter_misc":{"Dur\u00e9e de lecture estim\u00e9e":"4 minutes"},"schema":{"@context":"https:\/\/schema.org","@graph":[{"@type":"WebPage","@id":"https:\/\/www.seap31.com\/index.php\/events\/","url":"https:\/\/www.seap31.com\/index.php\/events\/","name":"\u00c9v\u00e9nements & Team Building | Challenges Inter\u2011entreprises","isPartOf":{"@id":"https:\/\/www.seap31.com\/#website"},"primaryImageOfPage":{"@id":"https:\/\/www.seap31.com\/index.php\/events\/#primaryimage"},"image":{"@id":"https:\/\/www.seap31.com\/index.php\/events\/#primaryimage"},"thumbnailUrl":"https:\/\/www.seap31.com\/wp-content\/uploads\/2025\/09\/evenement-dentreprise-SEAP31-scaled.jpg","datePublished":"2025-10-03T07:56:52+00:00","dateModified":"2026-02-23T12:17:49+00:00","description":"Organisateur d\u2019\u00e9v\u00e9nements et team building \u00e0 Toulouse : challenges inter\u2011entreprises, animations sportives pour renforcer la coh\u00e9sion d'\u00e9quipe","breadcrumb":{"@id":"https:\/\/www.seap31.com\/index.php\/events\/#breadcrumb"},"inLanguage":"fr-FR","potentialAction":[{"@type":"ReadAction","target":["https:\/\/www.seap31.com\/index.php\/events\/"]}]},{"@type":"ImageObject","inLanguage":"fr-FR","@id":"https:\/\/www.seap31.com\/index.php\/events\/#primaryimage","url":"https:\/\/www.seap31.com\/wp-content\/uploads\/2025\/09\/evenement-dentreprise-SEAP31-scaled.jpg","contentUrl":"https:\/\/www.seap31.com\/wp-content\/uploads\/2025\/09\/evenement-dentreprise-SEAP31-scaled.jpg","width":2560,"height":1707,"caption":"SEAP31 - S\u00e9minaire entreprise Toulouse"},{"@type":"BreadcrumbList","@id":"https:\/\/www.seap31.com\/index.php\/events\/#breadcrumb","itemListElement":[{"@type":"ListItem","position":1,"name":"Accueil","item":"https:\/\/www.seap31.com\/"},{"@type":"ListItem","position":2,"name":"EVENTS"}]},{"@type":"WebSite","@id":"https:\/\/www.seap31.com\/#website","url":"https:\/\/www.seap31.com\/","name":"SEAP31","description":"Artisan local de l&#039;\u00e9v\u00e8nementiel","publisher":{"@id":"https:\/\/www.seap31.com\/#organization"},"potentialAction":[{"@type":"SearchAction","target":{"@type":"EntryPoint","urlTemplate":"https:\/\/www.seap31.com\/?s={search_term_string}"},"query-input":{"@type":"PropertyValueSpecification","valueRequired":true,"valueName":"search_term_string"}}],"inLanguage":"fr-FR"},{"@type":"Organization","@id":"https:\/\/www.seap31.com\/#organization","name":"SEAP31","url":"https:\/\/www.seap31.com\/","logo":{"@type":"ImageObject","inLanguage":"fr-FR","@id":"https:\/\/www.seap31.com\/#\/schema\/logo\/image\/","url":"https:\/\/www.seap31.com\/wp-content\/uploads\/2025\/09\/logo-SEAP31-signature.png","contentUrl":"https:\/\/www.seap31.com\/wp-content\/uploads\/2025\/09\/logo-SEAP31-signature.png","width":1205,"height":676,"caption":"SEAP31"},"image":{"@id":"https:\/\/www.seap31.com\/#\/schema\/logo\/image\/"},"sameAs":["https:\/\/www.linkedin.com\/in\/philippe-garcia-5a5b25154\/"]}]}},"featured_media_urls":{"thumbnail":["https:\/\/www.seap31.com\/wp-content\/uploads\/2025\/09\/evenement-dentreprise-SEAP31-150x150.jpg",150,150,true],"medium":["https:\/\/www.seap31.com\/wp-content\/uploads\/2025\/09\/evenement-dentreprise-SEAP31-300x200.jpg",300,200,true],"medium_large":["https:\/\/www.seap31.com\/wp-content\/uploads\/2025\/09\/evenement-dentreprise-SEAP31-scaled.jpg",768,512,false],"large":["https:\/\/www.seap31.com\/wp-content\/uploads\/2025\/09\/evenement-dentreprise-SEAP31-1024x683.jpg",950,634,true],"1536x1536":["https:\/\/www.seap31.com\/wp-content\/uploads\/2025\/09\/evenement-dentreprise-SEAP31-scaled-1536x1024.jpg",1536,1024,true],"2048x2048":["https:\/\/www.seap31.com\/wp-content\/uploads\/2025\/09\/evenement-dentreprise-SEAP31-scaled-2048x1366.jpg",2048,1366,true],"inspiro-featured-image":["https:\/\/www.seap31.com\/wp-content\/uploads\/2025\/09\/evenement-dentreprise-SEAP31-2000x1333.jpg",2000,1333,true],"inspiro-loop":["https:\/\/www.seap31.com\/wp-content\/uploads\/2025\/09\/evenement-dentreprise-SEAP31-950x320.jpg",950,320,true],"inspiro-loop@2x":["https:\/\/www.seap31.com\/wp-content\/uploads\/2025\/09\/evenement-dentreprise-SEAP31-1900x640.jpg",1900,640,true],"portfolio_item-thumbnail":["https:\/\/www.seap31.com\/wp-content\/uploads\/2025\/09\/evenement-dentreprise-SEAP31-scaled-600x400.jpg",600,400,true],"portfolio_item-thumbnail@2x":["https:\/\/www.seap31.com\/wp-content\/uploads\/2025\/09\/evenement-dentreprise-SEAP31-scaled-1200x800.jpg",1200,800,true],"portfolio_item-masonry":["https:\/\/www.seap31.com\/wp-content\/uploads\/2025\/09\/evenement-dentreprise-SEAP31-scaled-600x400.jpg",600,400,true],"portfolio_item-masonry@2x":["https:\/\/www.seap31.com\/wp-content\/uploads\/2025\/09\/evenement-dentreprise-SEAP31-scaled-1200x800.jpg",1200,800,true],"portfolio_item-thumbnail_cinema":["https:\/\/www.seap31.com\/wp-content\/uploads\/2025\/09\/evenement-dentreprise-SEAP31-scaled-800x335.jpg",800,335,true],"portfolio_item-thumbnail_portrait":["https:\/\/www.seap31.com\/wp-content\/uploads\/2025\/09\/evenement-dentreprise-SEAP31-scaled-600x900.jpg",600,900,true],"portfolio_item-thumbnail_portrait@2x":["https:\/\/www.seap31.com\/wp-content\/uploads\/2025\/09\/evenement-dentreprise-SEAP31-scaled-1200x1707.jpg",1200,1707,true],"portfolio_item-thumbnail_square":["https:\/\/www.seap31.com\/wp-content\/uploads\/2025\/09\/evenement-dentreprise-SEAP31-scaled-800x800.jpg",800,800,true]},"_links":{"self":[{"href":"https:\/\/www.seap31.com\/index.php\/wp-json\/wp\/v2\/pages\/184","targetHints":{"allow":["GET"]}}],"collection":[{"href":"https:\/\/www.seap31.com\/index.php\/wp-json\/wp\/v2\/pages"}],"about":[{"href":"https:\/\/www.seap31.com\/index.php\/wp-json\/wp\/v2\/types\/page"}],"author":[{"embeddable":true,"href":"https:\/\/www.seap31.com\/index.php\/wp-json\/wp\/v2\/users\/1"}],"replies":[{"embeddable":true,"href":"https:\/\/www.seap31.com\/index.php\/wp-json\/wp\/v2\/comments?post=184"}],"version-history":[{"count":11,"href":"https:\/\/www.seap31.com\/index.php\/wp-json\/wp\/v2\/pages\/184\/revisions"}],"predecessor-version":[{"id":401,"href":"https:\/\/www.seap31.com\/index.php\/wp-json\/wp\/v2\/pages\/184\/revisions\/401"}],"wp:featuredmedia":[{"embeddable":true,"href":"https:\/\/www.seap31.com\/index.php\/wp-json\/wp\/v2\/media\/65"}],"wp:attachment":[{"href":"https:\/\/www.seap31.com\/index.php\/wp-json\/wp\/v2\/media?parent=184"}],"curies":[{"name":"wp","href":"https:\/\/api.w.org\/{rel}","templated":true}]}}