{"id":181,"date":"2025-10-03T07:53:22","date_gmt":"2025-10-03T07:53:22","guid":{"rendered":"https:\/\/www.seap31.com\/?page_id=181"},"modified":"2026-02-23T12:18:33","modified_gmt":"2026-02-23T12:18:33","slug":"sport","status":"publish","type":"page","link":"https:\/\/www.seap31.com\/index.php\/sport\/","title":{"rendered":"SPORT"},"content":{"rendered":"\n<h1 class=\"wp-block-heading\">\u00c9v\u00e9nements sportifs et accompagnement pour structures sportives<\/h1>\n\n\n\n<p>Je suis <strong>consultant ind\u00e9pendant<\/strong>, sp\u00e9cialis\u00e9 dans les \u00e9v\u00e9nements sportifs et le soutien aux structures sportives \u00e0 Toulouse et en Occitanie.<br>Je m\u2019int\u00e8gre directement \u00e0 vos \u00e9quipes pour cr\u00e9er des exp\u00e9riences <strong>conviviales, f\u00e9d\u00e9ratrices et adapt\u00e9es \u00e0 vos participants<\/strong>, tout en apportant un <strong>accompagnement strat\u00e9gique et op\u00e9rationnel<\/strong> aux associations et organisations sportives.<\/p>\n\n\n\n<main class=\"wp-block-group alignfull site-content has-primary-background-color has-background has-global-padding is-layout-constrained wp-block-group-is-layout-constrained\" style=\"margin-top:0;padding-top:var(--wp--preset--spacing--x-large);padding-bottom:var(--wp--preset--spacing--x-large)\">\n<div class=\"wp-block-group is-style-default has-primary-background-color has-background is-layout-flow wp-block-group-is-layout-flow\">\n<div style=\"height:71px\" aria-hidden=\"true\" class=\"wp-block-spacer\"><\/div>\n\n\n\n<div class=\"wp-block-columns is-layout-flex wp-container-core-columns-is-layout-28f84493 wp-block-columns-is-layout-flex\">\n<div class=\"wp-block-column is-layout-flow wp-block-column-is-layout-flow\" style=\"border-style:none;border-width:0px;padding-top:0px;padding-right:0px;padding-bottom:0px;padding-left:0px\">\n<h2 class=\"wp-block-heading has-white-color has-text-color\">1\/ Organisation d\u2019\u00e9v\u00e9nements sportifs et team building<\/h2>\n\n\n\n<p class=\"has-lightgrey-color has-text-color\">Je con\u00e7ois des \u00e9v\u00e9nements adapt\u00e9s \u00e0 tous les niveaux, du <strong>trail et challenge ludique<\/strong> aux <strong>team building sportifs inter-entreprises<\/strong> :<\/p>\n\n\n\n<ul class=\"wp-block-list\">\n<li class=\"has-lightgrey-color has-text-color\"><strong>Play 4 Fun Toulouse 2026<\/strong> : d\u00e9fi inter-entreprises multi-activit\u00e9s<\/li>\n\n\n\n<li class=\"has-lightgrey-color has-text-color\"><strong>Challenge du Souvenir et de la Paix<\/strong> : trail et marche tout public \u00e0 Pompertuzat<\/li>\n\n\n\n<li class=\"has-lightgrey-color has-text-color\">Courses locales et \u00e9v\u00e9nements sur mesure pour entreprises, associations et collectivit\u00e9s<\/li>\n<\/ul>\n\n\n\n<p class=\"has-lightgrey-color has-text-color\">Mon r\u00f4le est de <strong>prendre en charge la coordination, la logistique et l\u2019animation<\/strong>, tout en m\u2019int\u00e9grant \u00e0 votre organisation pour une exp\u00e9rience fluide et personnalis\u00e9e.<\/p>\n\n\n\n<p class=\"has-secondary-color has-text-color has-link-color wp-elements-9ab710cf8c468622e0769e4dc7d6d8ac\"><\/p>\n<\/div>\n\n\n\n<div class=\"wp-block-column is-layout-flow wp-block-column-is-layout-flow\" style=\"border-style:none;border-width:0px;padding-top:0px;padding-right:0px;padding-bottom:0px;padding-left:0px\">\n<h2 class=\"wp-block-heading has-white-color has-text-color\">Mon approche :<\/h2>\n\n\n\n<p class=\"has-lightgrey-color has-text-color\"><strong>Int\u00e9gration directe dans vos \u00e9quipes<\/strong> : je m\u2019adapte \u00e0 vos contraintes et vos besoins<\/p>\n\n\n\n<p class=\"has-lightgrey-color has-text-color\"><strong>Flexibilit\u00e9 et sur mesure<\/strong> : chaque projet est pens\u00e9 pour vos participants et vos objectifs<\/p>\n\n\n\n<p class=\"has-lightgrey-color has-text-color\"><strong>Expertise locale<\/strong> : Toulouse et Occitanie, avec connaissance des prestataires et sites sportifs<\/p>\n\n\n\n<p class=\"has-lightgrey-color has-text-color\"><strong>Collaboration sur le long terme<\/strong> : soutien fiable et durable pour vos structures et projets<\/p>\n\n\n\n<p class=\"has-secondary-color has-text-color has-link-color wp-elements-9ab710cf8c468622e0769e4dc7d6d8ac\"><\/p>\n<\/div>\n<\/div>\n\n\n\n<div style=\"height:81px\" aria-hidden=\"true\" class=\"wp-block-spacer\"><\/div>\n\n\n\n<div class=\"wp-block-columns is-layout-flex wp-container-core-columns-is-layout-28f84493 wp-block-columns-is-layout-flex\">\n<div class=\"wp-block-column is-layout-flow wp-block-column-is-layout-flow\" style=\"border-style:none;border-width:0px;padding-top:0px;padding-right:0px;padding-bottom:0px;padding-left:0px\">\n<h2 class=\"wp-block-heading has-white-color has-text-color\">2\/ Gestion administrative et \u00e9v\u00e8nementielle d\u2019une association :<\/h2>\n\n\n\n<p class=\"has-lightgrey-color has-text-color\">Je cr\u00e9e et anime des <strong>activit\u00e9s team building sportives<\/strong> pour renforcer la coh\u00e9sion et motiver vos \u00e9quipes :<\/p>\n\n\n\n<ul class=\"wp-block-list\">\n<li class=\"has-lightgrey-color has-text-color\">Courses d\u2019orientation, relais et d\u00e9fis collaboratifs<\/li>\n\n\n\n<li class=\"has-lightgrey-color has-text-color\">Jeux et challenges adapt\u00e9s \u00e0 tous les niveaux<\/li>\n\n\n\n<li class=\"has-lightgrey-color has-text-color\">Activit\u00e9s indoor ou outdoor, accessibles et ludiques<\/li>\n<\/ul>\n\n\n\n<p class=\"has-lightgrey-color has-text-color\">Je peux intervenir <strong>en fran\u00e7ais ou en anglais<\/strong>, pour des groupes de <strong>10 \u00e0 1000 participants<\/strong>, avec une approche <strong>conviviale, engageante et m\u00e9morable<\/strong>.<\/p>\n\n\n\n<p class=\"has-secondary-color has-text-color has-link-color wp-elements-9ab710cf8c468622e0769e4dc7d6d8ac\"><\/p>\n<\/div>\n\n\n\n<div class=\"wp-block-column is-layout-flow wp-block-column-is-layout-flow\" style=\"border-style:none;border-width:0px;padding-top:0px;padding-right:0px;padding-bottom:0px;padding-left:0px\">\n<h2 class=\"wp-block-heading has-white-color has-text-color\">3\/ Accompagnement strat\u00e9gique et op\u00e9rationnel<\/h2>\n\n\n\n<p class=\"has-lightgrey-color has-text-color\">Au-del\u00e0 des \u00e9v\u00e9nements, j\u2019accompagne les <strong>associations et structures sportives<\/strong> dans leur d\u00e9veloppement et leur organisation :<\/p>\n\n\n\n<ul class=\"wp-block-list\">\n<li class=\"has-lightgrey-color has-text-color\"><strong>Recherche et d\u00e9veloppement de partenariats<\/strong> : sponsors, partenaires locaux et opportunit\u00e9s pour soutenir vos projets<\/li>\n\n\n\n<li class=\"has-lightgrey-color has-text-color\"><strong>Accompagnement administratif<\/strong> : gestion ponctuelle ou r\u00e9guli\u00e8re pour all\u00e9ger vos \u00e9quipes (comptabilit\u00e9, organisation interne, suivi de projets)<\/li>\n\n\n\n<li class=\"has-lightgrey-color has-text-color\"><strong>Structuration et strat\u00e9gie<\/strong> : conseils pour renforcer la coh\u00e9sion, l\u2019efficacit\u00e9 et la visibilit\u00e9 de votre structure<\/li>\n<\/ul>\n\n\n\n<p class=\"has-lightgrey-color has-text-color\">Mon objectif est de <strong>m\u2019int\u00e9grer directement \u00e0 votre organisation<\/strong> et de proposer un soutien <strong>flexible et sur mesure<\/strong>, afin que vos projets sportifs se d\u00e9roulent dans les meilleures conditions.<\/p>\n\n\n\n<p class=\"has-secondary-color has-text-color has-link-color wp-elements-9ab710cf8c468622e0769e4dc7d6d8ac\"><\/p>\n<\/div>\n<\/div>\n\n\n\n<h1 class=\"wp-block-heading has-primary-color has-primary-background-color has-text-color has-background\"><\/h1>\n<\/div>\n<\/main>\n\n\n\n<div class=\"wp-block-group has-global-padding is-layout-constrained wp-block-group-is-layout-constrained\"><\/div>\n\n\n\n<h2 class=\"wp-block-heading\">Contact et devis<\/h2>\n\n\n\n<p>Vous souhaitez organiser un <strong>trail, challenge, team building sportif<\/strong> ou b\u00e9n\u00e9ficier d\u2019un <strong>accompagnement pour votre structure sportive<\/strong> ?<\/p>\n\n\n\n<ul class=\"wp-block-list\">\n<li>Contactez-moi via <a data-type=\"page\" data-id=\"11\" href=\"https:\/\/www.seap31.com\/index.php\/contact-2\/\">le formulaire<\/a><\/li>\n\n\n\n<li>Obtenez un <strong>devis personnalis\u00e9 et gratuit<\/strong><\/li>\n\n\n\n<li>Je vous accompagne de la conception \u00e0 la r\u00e9alisation avec une approche <strong>pratique, flexible et int\u00e9gr\u00e9e<\/strong><\/li>\n<\/ul>\n","protected":false},"excerpt":{"rendered":"<p>\u00c9v\u00e9nements sportifs et accompagnement pour structures sportives Je suis consultant ind\u00e9pendant, sp\u00e9cialis\u00e9 dans les \u00e9v\u00e9nements sportifs et le soutien aux structures sportives \u00e0 Toulouse et en Occitanie.Je m\u2019int\u00e8gre directement \u00e0 vos \u00e9quipes pour cr\u00e9er des exp\u00e9riences conviviales, f\u00e9d\u00e9ratrices et adapt\u00e9es \u00e0 vos participants, tout en apportant un accompagnement strat\u00e9gique et op\u00e9rationnel aux associations et organisations &hellip; <\/p>\n<p class=\"link-more\"><a href=\"https:\/\/www.seap31.com\/index.php\/sport\/\" class=\"more-link\">Lire la suite de<span class=\"screen-reader-text\">\u00ab\u00a0SPORT\u00a0\u00bb<\/span><\/a><\/p>\n","protected":false},"author":1,"featured_media":64,"parent":0,"menu_order":0,"comment_status":"closed","ping_status":"closed","template":"","meta":{"footnotes":""},"class_list":["post-181","page","type-page","status-publish","has-post-thumbnail","hentry"],"yoast_head":"<!-- This site is optimized with the Yoast SEO plugin v27.0 - https:\/\/yoast.com\/product\/yoast-seo-wordpress\/ -->\n<title>\u00c9v\u00e9nements &amp; accompagnement structures sportives \u2013 Toulouse<\/title>\n<meta name=\"description\" content=\"Je con\u00e7ois vos \u00e9v\u00e9nements sportifs, team building, et j\u2019accompagne les associations dans leurs partenariats et leur d\u00e9veloppement.\" \/>\n<meta name=\"robots\" content=\"index, follow, max-snippet:-1, max-image-preview:large, max-video-preview:-1\" \/>\n<link rel=\"canonical\" href=\"https:\/\/www.seap31.com\/index.php\/sport\/\" \/>\n<meta property=\"og:locale\" content=\"fr_FR\" \/>\n<meta property=\"og:type\" content=\"article\" \/>\n<meta property=\"og:title\" content=\"\u00c9v\u00e9nements &amp; accompagnement structures sportives \u2013 Toulouse\" \/>\n<meta property=\"og:description\" content=\"Je con\u00e7ois vos \u00e9v\u00e9nements sportifs, team building, et j\u2019accompagne les associations dans leurs partenariats et leur d\u00e9veloppement.\" \/>\n<meta property=\"og:url\" content=\"https:\/\/www.seap31.com\/index.php\/sport\/\" \/>\n<meta property=\"og:site_name\" content=\"SEAP31\" \/>\n<meta property=\"article:modified_time\" content=\"2026-02-23T12:18:33+00:00\" \/>\n<meta property=\"og:image\" content=\"https:\/\/www.seap31.com\/wp-content\/uploads\/2025\/09\/Spacers-organisation-de-match-scaled.jpg\" \/>\n\t<meta property=\"og:image:width\" content=\"2560\" \/>\n\t<meta property=\"og:image:height\" content=\"1707\" \/>\n\t<meta property=\"og:image:type\" content=\"image\/jpeg\" \/>\n<meta name=\"twitter:card\" content=\"summary_large_image\" \/>\n<meta name=\"twitter:label1\" content=\"Dur\u00e9e de lecture estim\u00e9e\" \/>\n\t<meta name=\"twitter:data1\" content=\"3 minutes\" \/>\n<script type=\"application\/ld+json\" class=\"yoast-schema-graph\">{\"@context\":\"https:\/\/schema.org\",\"@graph\":[{\"@type\":\"WebPage\",\"@id\":\"https:\/\/www.seap31.com\/index.php\/sport\/\",\"url\":\"https:\/\/www.seap31.com\/index.php\/sport\/\",\"name\":\"\u00c9v\u00e9nements & accompagnement structures sportives \u2013 Toulouse\",\"isPartOf\":{\"@id\":\"https:\/\/www.seap31.com\/#website\"},\"primaryImageOfPage\":{\"@id\":\"https:\/\/www.seap31.com\/index.php\/sport\/#primaryimage\"},\"image\":{\"@id\":\"https:\/\/www.seap31.com\/index.php\/sport\/#primaryimage\"},\"thumbnailUrl\":\"https:\/\/www.seap31.com\/wp-content\/uploads\/2025\/09\/Spacers-organisation-de-match-scaled.jpg\",\"datePublished\":\"2025-10-03T07:53:22+00:00\",\"dateModified\":\"2026-02-23T12:18:33+00:00\",\"description\":\"Je con\u00e7ois vos \u00e9v\u00e9nements sportifs, team building, et j\u2019accompagne les associations dans leurs partenariats et leur d\u00e9veloppement.\",\"breadcrumb\":{\"@id\":\"https:\/\/www.seap31.com\/index.php\/sport\/#breadcrumb\"},\"inLanguage\":\"fr-FR\",\"potentialAction\":[{\"@type\":\"ReadAction\",\"target\":[\"https:\/\/www.seap31.com\/index.php\/sport\/\"]}]},{\"@type\":\"ImageObject\",\"inLanguage\":\"fr-FR\",\"@id\":\"https:\/\/www.seap31.com\/index.php\/sport\/#primaryimage\",\"url\":\"https:\/\/www.seap31.com\/wp-content\/uploads\/2025\/09\/Spacers-organisation-de-match-scaled.jpg\",\"contentUrl\":\"https:\/\/www.seap31.com\/wp-content\/uploads\/2025\/09\/Spacers-organisation-de-match-scaled.jpg\",\"width\":2560,\"height\":1707,\"caption\":\"SEAP31 - Marketing sportif Toulouse\"},{\"@type\":\"BreadcrumbList\",\"@id\":\"https:\/\/www.seap31.com\/index.php\/sport\/#breadcrumb\",\"itemListElement\":[{\"@type\":\"ListItem\",\"position\":1,\"name\":\"Accueil\",\"item\":\"https:\/\/www.seap31.com\/\"},{\"@type\":\"ListItem\",\"position\":2,\"name\":\"SPORT\"}]},{\"@type\":\"WebSite\",\"@id\":\"https:\/\/www.seap31.com\/#website\",\"url\":\"https:\/\/www.seap31.com\/\",\"name\":\"SEAP31\",\"description\":\"Artisan local de l&#039;\u00e9v\u00e8nementiel\",\"publisher\":{\"@id\":\"https:\/\/www.seap31.com\/#organization\"},\"potentialAction\":[{\"@type\":\"SearchAction\",\"target\":{\"@type\":\"EntryPoint\",\"urlTemplate\":\"https:\/\/www.seap31.com\/?s={search_term_string}\"},\"query-input\":{\"@type\":\"PropertyValueSpecification\",\"valueRequired\":true,\"valueName\":\"search_term_string\"}}],\"inLanguage\":\"fr-FR\"},{\"@type\":\"Organization\",\"@id\":\"https:\/\/www.seap31.com\/#organization\",\"name\":\"SEAP31\",\"url\":\"https:\/\/www.seap31.com\/\",\"logo\":{\"@type\":\"ImageObject\",\"inLanguage\":\"fr-FR\",\"@id\":\"https:\/\/www.seap31.com\/#\/schema\/logo\/image\/\",\"url\":\"https:\/\/www.seap31.com\/wp-content\/uploads\/2025\/09\/logo-SEAP31-signature.png\",\"contentUrl\":\"https:\/\/www.seap31.com\/wp-content\/uploads\/2025\/09\/logo-SEAP31-signature.png\",\"width\":1205,\"height\":676,\"caption\":\"SEAP31\"},\"image\":{\"@id\":\"https:\/\/www.seap31.com\/#\/schema\/logo\/image\/\"},\"sameAs\":[\"https:\/\/www.linkedin.com\/in\/philippe-garcia-5a5b25154\/\"]}]}<\/script>\n<!-- \/ Yoast SEO plugin. -->","yoast_head_json":{"title":"\u00c9v\u00e9nements & accompagnement structures sportives \u2013 Toulouse","description":"Je con\u00e7ois vos \u00e9v\u00e9nements sportifs, team building, et j\u2019accompagne les associations dans leurs partenariats et leur d\u00e9veloppement.","robots":{"index":"index","follow":"follow","max-snippet":"max-snippet:-1","max-image-preview":"max-image-preview:large","max-video-preview":"max-video-preview:-1"},"canonical":"https:\/\/www.seap31.com\/index.php\/sport\/","og_locale":"fr_FR","og_type":"article","og_title":"\u00c9v\u00e9nements & accompagnement structures sportives \u2013 Toulouse","og_description":"Je con\u00e7ois vos \u00e9v\u00e9nements sportifs, team building, et j\u2019accompagne les associations dans leurs partenariats et leur d\u00e9veloppement.","og_url":"https:\/\/www.seap31.com\/index.php\/sport\/","og_site_name":"SEAP31","article_modified_time":"2026-02-23T12:18:33+00:00","og_image":[{"width":2560,"height":1707,"url":"https:\/\/www.seap31.com\/wp-content\/uploads\/2025\/09\/Spacers-organisation-de-match-scaled.jpg","type":"image\/jpeg"}],"twitter_card":"summary_large_image","twitter_misc":{"Dur\u00e9e de lecture estim\u00e9e":"3 minutes"},"schema":{"@context":"https:\/\/schema.org","@graph":[{"@type":"WebPage","@id":"https:\/\/www.seap31.com\/index.php\/sport\/","url":"https:\/\/www.seap31.com\/index.php\/sport\/","name":"\u00c9v\u00e9nements & accompagnement structures sportives \u2013 Toulouse","isPartOf":{"@id":"https:\/\/www.seap31.com\/#website"},"primaryImageOfPage":{"@id":"https:\/\/www.seap31.com\/index.php\/sport\/#primaryimage"},"image":{"@id":"https:\/\/www.seap31.com\/index.php\/sport\/#primaryimage"},"thumbnailUrl":"https:\/\/www.seap31.com\/wp-content\/uploads\/2025\/09\/Spacers-organisation-de-match-scaled.jpg","datePublished":"2025-10-03T07:53:22+00:00","dateModified":"2026-02-23T12:18:33+00:00","description":"Je con\u00e7ois vos \u00e9v\u00e9nements sportifs, team building, et j\u2019accompagne les associations dans leurs partenariats et leur d\u00e9veloppement.","breadcrumb":{"@id":"https:\/\/www.seap31.com\/index.php\/sport\/#breadcrumb"},"inLanguage":"fr-FR","potentialAction":[{"@type":"ReadAction","target":["https:\/\/www.seap31.com\/index.php\/sport\/"]}]},{"@type":"ImageObject","inLanguage":"fr-FR","@id":"https:\/\/www.seap31.com\/index.php\/sport\/#primaryimage","url":"https:\/\/www.seap31.com\/wp-content\/uploads\/2025\/09\/Spacers-organisation-de-match-scaled.jpg","contentUrl":"https:\/\/www.seap31.com\/wp-content\/uploads\/2025\/09\/Spacers-organisation-de-match-scaled.jpg","width":2560,"height":1707,"caption":"SEAP31 - Marketing sportif Toulouse"},{"@type":"BreadcrumbList","@id":"https:\/\/www.seap31.com\/index.php\/sport\/#breadcrumb","itemListElement":[{"@type":"ListItem","position":1,"name":"Accueil","item":"https:\/\/www.seap31.com\/"},{"@type":"ListItem","position":2,"name":"SPORT"}]},{"@type":"WebSite","@id":"https:\/\/www.seap31.com\/#website","url":"https:\/\/www.seap31.com\/","name":"SEAP31","description":"Artisan local de l&#039;\u00e9v\u00e8nementiel","publisher":{"@id":"https:\/\/www.seap31.com\/#organization"},"potentialAction":[{"@type":"SearchAction","target":{"@type":"EntryPoint","urlTemplate":"https:\/\/www.seap31.com\/?s={search_term_string}"},"query-input":{"@type":"PropertyValueSpecification","valueRequired":true,"valueName":"search_term_string"}}],"inLanguage":"fr-FR"},{"@type":"Organization","@id":"https:\/\/www.seap31.com\/#organization","name":"SEAP31","url":"https:\/\/www.seap31.com\/","logo":{"@type":"ImageObject","inLanguage":"fr-FR","@id":"https:\/\/www.seap31.com\/#\/schema\/logo\/image\/","url":"https:\/\/www.seap31.com\/wp-content\/uploads\/2025\/09\/logo-SEAP31-signature.png","contentUrl":"https:\/\/www.seap31.com\/wp-content\/uploads\/2025\/09\/logo-SEAP31-signature.png","width":1205,"height":676,"caption":"SEAP31"},"image":{"@id":"https:\/\/www.seap31.com\/#\/schema\/logo\/image\/"},"sameAs":["https:\/\/www.linkedin.com\/in\/philippe-garcia-5a5b25154\/"]}]}},"featured_media_urls":{"thumbnail":["https:\/\/www.seap31.com\/wp-content\/uploads\/2025\/09\/Spacers-organisation-de-match-150x150.jpg",150,150,true],"medium":["https:\/\/www.seap31.com\/wp-content\/uploads\/2025\/09\/Spacers-organisation-de-match-300x200.jpg",300,200,true],"medium_large":["https:\/\/www.seap31.com\/wp-content\/uploads\/2025\/09\/Spacers-organisation-de-match-scaled.jpg",768,512,false],"large":["https:\/\/www.seap31.com\/wp-content\/uploads\/2025\/09\/Spacers-organisation-de-match-1024x683.jpg",950,634,true],"1536x1536":["https:\/\/www.seap31.com\/wp-content\/uploads\/2025\/09\/Spacers-organisation-de-match-scaled-1536x1024.jpg",1536,1024,true],"2048x2048":["https:\/\/www.seap31.com\/wp-content\/uploads\/2025\/09\/Spacers-organisation-de-match-scaled-2048x1366.jpg",2048,1366,true],"inspiro-featured-image":["https:\/\/www.seap31.com\/wp-content\/uploads\/2025\/09\/Spacers-organisation-de-match-2000x1333.jpg",2000,1333,true],"inspiro-loop":["https:\/\/www.seap31.com\/wp-content\/uploads\/2025\/09\/Spacers-organisation-de-match-950x320.jpg",950,320,true],"inspiro-loop@2x":["https:\/\/www.seap31.com\/wp-content\/uploads\/2025\/09\/Spacers-organisation-de-match-1900x640.jpg",1900,640,true],"portfolio_item-thumbnail":["https:\/\/www.seap31.com\/wp-content\/uploads\/2025\/09\/Spacers-organisation-de-match-scaled-600x400.jpg",600,400,true],"portfolio_item-thumbnail@2x":["https:\/\/www.seap31.com\/wp-content\/uploads\/2025\/09\/Spacers-organisation-de-match-scaled-1200x800.jpg",1200,800,true],"portfolio_item-masonry":["https:\/\/www.seap31.com\/wp-content\/uploads\/2025\/09\/Spacers-organisation-de-match-scaled-600x400.jpg",600,400,true],"portfolio_item-masonry@2x":["https:\/\/www.seap31.com\/wp-content\/uploads\/2025\/09\/Spacers-organisation-de-match-scaled-1200x800.jpg",1200,800,true],"portfolio_item-thumbnail_cinema":["https:\/\/www.seap31.com\/wp-content\/uploads\/2025\/09\/Spacers-organisation-de-match-scaled-800x335.jpg",800,335,true],"portfolio_item-thumbnail_portrait":["https:\/\/www.seap31.com\/wp-content\/uploads\/2025\/09\/Spacers-organisation-de-match-scaled-600x900.jpg",600,900,true],"portfolio_item-thumbnail_portrait@2x":["https:\/\/www.seap31.com\/wp-content\/uploads\/2025\/09\/Spacers-organisation-de-match-scaled-1200x1707.jpg",1200,1707,true],"portfolio_item-thumbnail_square":["https:\/\/www.seap31.com\/wp-content\/uploads\/2025\/09\/Spacers-organisation-de-match-scaled-800x800.jpg",800,800,true]},"_links":{"self":[{"href":"https:\/\/www.seap31.com\/index.php\/wp-json\/wp\/v2\/pages\/181","targetHints":{"allow":["GET"]}}],"collection":[{"href":"https:\/\/www.seap31.com\/index.php\/wp-json\/wp\/v2\/pages"}],"about":[{"href":"https:\/\/www.seap31.com\/index.php\/wp-json\/wp\/v2\/types\/page"}],"author":[{"embeddable":true,"href":"https:\/\/www.seap31.com\/index.php\/wp-json\/wp\/v2\/users\/1"}],"replies":[{"embeddable":true,"href":"https:\/\/www.seap31.com\/index.php\/wp-json\/wp\/v2\/comments?post=181"}],"version-history":[{"count":13,"href":"https:\/\/www.seap31.com\/index.php\/wp-json\/wp\/v2\/pages\/181\/revisions"}],"predecessor-version":[{"id":415,"href":"https:\/\/www.seap31.com\/index.php\/wp-json\/wp\/v2\/pages\/181\/revisions\/415"}],"wp:featuredmedia":[{"embeddable":true,"href":"https:\/\/www.seap31.com\/index.php\/wp-json\/wp\/v2\/media\/64"}],"wp:attachment":[{"href":"https:\/\/www.seap31.com\/index.php\/wp-json\/wp\/v2\/media?parent=181"}],"curies":[{"name":"wp","href":"https:\/\/api.w.org\/{rel}","templated":true}]}}